{"id":997,"date":"2020-06-08T09:32:35","date_gmt":"2020-06-08T07:32:35","guid":{"rendered":"https:\/\/vidalmovement.ch\/faq\/"},"modified":"2022-04-03T22:10:29","modified_gmt":"2022-04-03T20:10:29","slug":"faq","status":"publish","type":"page","link":"https:\/\/vidalmovement.ch\/es\/faq\/","title":{"rendered":"FAQ"},"content":{"rendered":"<p>[et_pb_section fb_built=&#8221;1&#8243; _builder_version=&#8221;4.4.7&#8243; global_colors_info=&#8221;{}&#8221;][et_pb_row _builder_version=&#8221;4.4.7&#8243; global_colors_info=&#8221;{}&#8221;][et_pb_column type=&#8221;4_4&#8243; _builder_version=&#8221;4.4.7&#8243; global_colors_info=&#8221;{}&#8221;][et_pb_text _builder_version=&#8221;4.4.7&#8243; header_font=&#8221;|800|||||||&#8221; header_text_align=&#8221;center&#8221; global_colors_info=&#8221;{}&#8221;]<\/p>\n<h1>PREGUNTAS M\u00c1S FRECUENTES<\/h1>\n<p>[\/et_pb_text][\/et_pb_column][\/et_pb_row][et_pb_row _builder_version=&#8221;4.4.7&#8243; global_colors_info=&#8221;{}&#8221;][et_pb_column type=&#8221;4_4&#8243; _builder_version=&#8221;4.4.7&#8243; global_colors_info=&#8221;{}&#8221;][et_pb_toggle title=&#8221;\u00bfQu\u00e9 nivel debo tener para participar en los cursos?&#8221; closed_toggle_text_color=&#8221;#fcbf06&#8243; closed_toggle_background_color=&#8221;#000000&#8243; icon_color=&#8221;#fcbf06&#8243; use_icon_font_size=&#8221;on&#8221; icon_font_size=&#8221;21px&#8221; _builder_version=&#8221;4.4.7&#8243; body_text_color=&#8221;#12100b&#8221; animation_style=&#8221;slide&#8221; animation_direction=&#8221;bottom&#8221; animation_duration=&#8221;550ms&#8221; border_color_all=&#8221;#12100b&#8221; box_shadow_style=&#8221;preset1&#8243; global_colors_info=&#8221;{}&#8221;]<\/p>\n<p>Adapto los ejercicios a cada persona.<\/p>\n<p>El alumno m\u00e1s joven tiene 10 a\u00f1os y el mayor 73.<\/p>\n<p>[\/et_pb_toggle][et_pb_toggle title=&#8221;\u00bfPuedo venir a probar un curso?&#8221; closed_toggle_text_color=&#8221;#fcbf06&#8243; closed_toggle_background_color=&#8221;#000000&#8243; icon_color=&#8221;#fcbf06&#8243; use_icon_font_size=&#8221;on&#8221; icon_font_size=&#8221;21px&#8221; _builder_version=&#8221;4.4.7&#8243; body_text_color=&#8221;#12100b&#8221; animation_style=&#8221;slide&#8221; animation_direction=&#8221;bottom&#8221; animation_duration=&#8221;550ms&#8221; border_color_all=&#8221;#12100b&#8221; box_shadow_style=&#8221;preset1&#8243; global_colors_info=&#8221;{}&#8221;]<\/p>\n<p>\u00a1Con mucho gusto y sin ning\u00fan compromiso y de forma gratuita!<\/p>\n<p>[\/et_pb_toggle][et_pb_toggle title=&#8221;\u00bfLos ejercicios son variados?&#8221; closed_toggle_text_color=&#8221;#fcbf06&#8243; closed_toggle_background_color=&#8221;#000000&#8243; icon_color=&#8221;#fcbf06&#8243; use_icon_font_size=&#8221;on&#8221; icon_font_size=&#8221;21px&#8221; _builder_version=&#8221;4.4.7&#8243; body_text_color=&#8221;#12100b&#8221; animation_style=&#8221;slide&#8221; animation_direction=&#8221;bottom&#8221; animation_duration=&#8221;550ms&#8221; border_color_all=&#8221;#12100b&#8221; box_shadow_style=&#8221;preset1&#8243; global_colors_info=&#8221;{}&#8221;]<\/p>\n<p>S\u00ed, y evolucionan a medida que cada persona progresa. Conseguir mil flexiones no tiene sentido, buscaremos complicar cada ejercicio y evolucionarlos contigo.<\/p>\n<p>[\/et_pb_toggle][et_pb_toggle title=&#8221;\u00bfHay mucho material para hacer los ejercicios?&#8221; closed_toggle_text_color=&#8221;#fcbf06&#8243; closed_toggle_background_color=&#8221;#000000&#8243; icon_color=&#8221;#fcbf06&#8243; use_icon_font_size=&#8221;on&#8221; icon_font_size=&#8221;21px&#8221; _builder_version=&#8221;4.4.7&#8243; body_text_color=&#8221;#12100b&#8221; animation_style=&#8221;slide&#8221; animation_direction=&#8221;bottom&#8221; animation_duration=&#8221;550ms&#8221; border_color_all=&#8221;#12100b&#8221; box_shadow_style=&#8221;preset1&#8243; global_colors_info=&#8221;{}&#8221;]<\/p>\n<p>No, el material principal es tu cuerpo.<\/p>\n<p>[\/et_pb_toggle][et_pb_toggle title=&#8221;\u00bfHay otros horarios disponibles?&#8221; closed_toggle_text_color=&#8221;#fcbf06&#8243; closed_toggle_background_color=&#8221;#000000&#8243; icon_color=&#8221;#fcbf06&#8243; use_icon_font_size=&#8221;on&#8221; icon_font_size=&#8221;21px&#8221; _builder_version=&#8221;4.4.7&#8243; body_text_color=&#8221;#12100b&#8221; animation_style=&#8221;slide&#8221; animation_direction=&#8221;bottom&#8221; animation_duration=&#8221;550ms&#8221; border_color_all=&#8221;#12100b&#8221; box_shadow_style=&#8221;preset1&#8243; global_colors_info=&#8221;{}&#8221;]<\/p>\n<p>S\u00ed, preg\u00fantame y encontraremos una hora que nos convenga.<\/p>\n<p>[\/et_pb_toggle][et_pb_toggle title=&#8221;\u00bfC\u00f3mo me inscribo en los cursos?&#8221; closed_toggle_text_color=&#8221;#fcbf06&#8243; closed_toggle_background_color=&#8221;#000000&#8243; icon_color=&#8221;#fcbf06&#8243; use_icon_font_size=&#8221;on&#8221; icon_font_size=&#8221;21px&#8221; _builder_version=&#8221;4.4.7&#8243; body_text_color=&#8221;#12100b&#8221; animation_style=&#8221;slide&#8221; animation_direction=&#8221;bottom&#8221; animation_duration=&#8221;550ms&#8221; border_color_all=&#8221;#12100b&#8221; box_shadow_style=&#8221;preset1&#8243; global_colors_info=&#8221;{}&#8221;]<\/p>\n<p>Ya sea a trav\u00e9s de la p\u00e1gina web, de la aplicaci\u00f3n para smartphones o poni\u00e9ndome en contacto con mi tel\u00e9fono m\u00f3vil.<\/p>\n<p>[\/et_pb_toggle][et_pb_toggle title=&#8221;\u00bfPuedo ducharme despu\u00e9s de la clase?&#8221; closed_toggle_text_color=&#8221;#fcbf06&#8243; closed_toggle_background_color=&#8221;#000000&#8243; icon_color=&#8221;#fcbf06&#8243; use_icon_font_size=&#8221;on&#8221; icon_font_size=&#8221;21px&#8221; _builder_version=&#8221;4.4.7&#8243; body_text_color=&#8221;#12100b&#8221; animation_style=&#8221;slide&#8221; animation_direction=&#8221;bottom&#8221; animation_duration=&#8221;550ms&#8221; border_color_all=&#8221;#12100b&#8221; box_shadow_style=&#8221;preset1&#8243; global_colors_info=&#8221;{}&#8221;]<\/p>\n<p>S\u00ed, hay una ducha disponible.<\/p>\n<p>[\/et_pb_toggle][et_pb_toggle title=&#8221;\u00bfEs una sala de fitness?&#8221; closed_toggle_text_color=&#8221;#fcbf06&#8243; closed_toggle_background_color=&#8221;#000000&#8243; icon_color=&#8221;#fcbf06&#8243; use_icon_font_size=&#8221;on&#8221; icon_font_size=&#8221;21px&#8221; _builder_version=&#8221;4.4.7&#8243; body_text_color=&#8221;#12100b&#8221; animation_style=&#8221;slide&#8221; animation_direction=&#8221;bottom&#8221; animation_duration=&#8221;550ms&#8221; border_color_all=&#8221;#12100b&#8221; box_shadow_style=&#8221;preset1&#8243; global_colors_info=&#8221;{}&#8221;]<\/p>\n<p>No, en absoluto. No hay m\u00e1quinas, la m\u00e1quina eres t\u00fa \ud83d\ude09<\/p>\n<p>[\/et_pb_toggle][\/et_pb_column][\/et_pb_row][\/et_pb_section]<\/p>\n","protected":false},"excerpt":{"rendered":"<p>PREGUNTAS M\u00c1S FRECUENTESAdapto los ejercicios a cada persona. El alumno m\u00e1s joven tiene 10 a\u00f1os y el mayor 73.\u00a1Con mucho gusto y sin ning\u00fan compromiso y de forma gratuita!S\u00ed, y evolucionan a medida que cada persona progresa. Conseguir mil flexiones no tiene sentido, buscaremos complicar cada ejercicio y evolucionarlos contigo.No, el material principal es tu [&hellip;]<\/p>\n","protected":false},"author":2,"featured_media":0,"parent":0,"menu_order":0,"comment_status":"closed","ping_status":"closed","template":"","meta":{"_et_pb_use_builder":"on","_et_pb_old_content":"","_et_gb_content_width":"","footnotes":""},"class_list":["post-997","page","type-page","status-publish","hentry"],"_links":{"self":[{"href":"https:\/\/vidalmovement.ch\/es\/wp-json\/wp\/v2\/pages\/997","targetHints":{"allow":["GET"]}}],"collection":[{"href":"https:\/\/vidalmovement.ch\/es\/wp-json\/wp\/v2\/pages"}],"about":[{"href":"https:\/\/vidalmovement.ch\/es\/wp-json\/wp\/v2\/types\/page"}],"author":[{"embeddable":true,"href":"https:\/\/vidalmovement.ch\/es\/wp-json\/wp\/v2\/users\/2"}],"replies":[{"embeddable":true,"href":"https:\/\/vidalmovement.ch\/es\/wp-json\/wp\/v2\/comments?post=997"}],"version-history":[{"count":4,"href":"https:\/\/vidalmovement.ch\/es\/wp-json\/wp\/v2\/pages\/997\/revisions"}],"predecessor-version":[{"id":1002,"href":"https:\/\/vidalmovement.ch\/es\/wp-json\/wp\/v2\/pages\/997\/revisions\/1002"}],"wp:attachment":[{"href":"https:\/\/vidalmovement.ch\/es\/wp-json\/wp\/v2\/media?parent=997"}],"curies":[{"name":"wp","href":"https:\/\/api.w.org\/{rel}","templated":true}]}}