{"id":987,"date":"2021-05-28T16:47:39","date_gmt":"2021-05-28T14:47:39","guid":{"rendered":"https:\/\/vidalmovement.ch\/reto-de-la-espalda\/"},"modified":"2022-04-03T21:33:43","modified_gmt":"2022-04-03T19:33:43","slug":"reto-de-la-espalda","status":"publish","type":"page","link":"https:\/\/vidalmovement.ch\/es\/reto-de-la-espalda\/","title":{"rendered":"Reto de la espalda"},"content":{"rendered":"<p>[et_pb_section fb_built=&#8221;1&#8243; _builder_version=&#8221;4.9.4&#8243; _module_preset=&#8221;default&#8221; custom_padding=&#8221;||101px|||&#8221; global_colors_info=&#8221;{}&#8221;][et_pb_row _builder_version=&#8221;4.9.4&#8243; _module_preset=&#8221;default&#8221; min_height=&#8221;14px&#8221; custom_margin=&#8221;0px|auto|4px|auto||&#8221; custom_padding=&#8221;21px||61px|||&#8221; global_colors_info=&#8221;{}&#8221;][et_pb_column type=&#8221;4_4&#8243; _builder_version=&#8221;4.9.4&#8243; _module_preset=&#8221;default&#8221; global_colors_info=&#8221;{}&#8221;][et_pb_text _builder_version=&#8221;4.9.4&#8243; _module_preset=&#8221;default&#8221; min_height=&#8221;138px&#8221; custom_margin=&#8221;-86px||-77px|||&#8221; custom_padding=&#8221;91px||2px|||&#8221; text_text_shadow_style=&#8221;preset1&#8243; global_colors_info=&#8221;{}&#8221;]<\/p>\n<h1 style=\"text-align: center;\">RETO DE LA ESPALDA<\/h1>\n<p>[\/et_pb_text][\/et_pb_column][\/et_pb_row][\/et_pb_section][et_pb_section fb_built=&#8221;1&#8243; _builder_version=&#8221;4.9.4&#8243; min_height=&#8221;1174px&#8221; custom_padding=&#8221;||50px||false|false&#8221; global_colors_info=&#8221;{}&#8221;][et_pb_row _builder_version=&#8221;4.9.10&#8243; _module_preset=&#8221;default&#8221; width=&#8221;69.1%&#8221; min_height=&#8221;254.5px&#8221; custom_margin=&#8221;-172px|auto|-98px|auto||&#8221; custom_padding=&#8221;||22px|||&#8221; border_style_all=&#8221;none&#8221; global_colors_info=&#8221;{}&#8221;][et_pb_column type=&#8221;4_4&#8243; _builder_version=&#8221;4.9.4&#8243; _module_preset=&#8221;default&#8221; global_colors_info=&#8221;{}&#8221;][et_pb_image src=&#8221;https:\/\/vidalmovement.ch\/wp-content\/uploads\/2021\/05\/Challenge-du-dos-facebook.png&#8221; alt=&#8221;Reto de la espalda&#8221; title_text=&#8221;Reto de la espalda facebook&#8221; _builder_version=&#8221;4.9.10&#8243; _module_preset=&#8221;default&#8221; width=&#8221;70%&#8221; max_width=&#8221;70%&#8221; module_alignment=&#8221;center&#8221; min_height=&#8221;45px&#8221; custom_margin=&#8221;1px||0px|||&#8221; custom_padding=&#8221;0px|6px|0px|||&#8221; global_colors_info=&#8221;{}&#8221;][\/et_pb_image][\/et_pb_column][\/et_pb_row][et_pb_row _builder_version=&#8221;4.9.10&#8243; _module_preset=&#8221;default&#8221; global_colors_info=&#8221;{}&#8221;][et_pb_column type=&#8221;4_4&#8243; _builder_version=&#8221;4.9.10&#8243; _module_preset=&#8221;default&#8221; global_colors_info=&#8221;{}&#8221;][et_pb_text _builder_version=&#8221;4.9.10&#8243; _module_preset=&#8221;default&#8221; text_font=&#8221;|||||on|||&#8221; text_text_color=&#8221;#FCBF06&#8243; header_3_text_color=&#8221;#000000&#8243; min_height=&#8221;39px&#8221; custom_margin=&#8221;35px|||||&#8221; custom_padding=&#8221;||0px|||&#8221; animation_style=&#8221;zoom&#8221; text_text_shadow_style=&#8221;preset4&#8243; global_colors_info=&#8221;{}&#8221;]<\/p>\n<h2><span style=\"font-size: 20px;\">Fechas de los pr\u00f3ximos desaf\u00edos<\/span><\/h2>\n<p>[\/et_pb_text][et_pb_text _builder_version=&#8221;4.14.8&#8243; _module_preset=&#8221;default&#8221; text_text_color=&#8221;#FCBF06&#8243; animation_style=&#8221;zoom&#8221; global_colors_info=&#8221;{}&#8221;]<\/p>\n<p style=\"text-align: center;\"><span style=\"font-size: 20px;\"><strong>15 marzo 2022 &#8211; <\/strong><strong>1 abril 2022 <\/strong> <\/span><\/p>\n<p style=\"text-align: center;\"><span style=\"font-size: 20px;\"><strong>Toma el control de tu vida <\/strong><\/span><\/p>\n<p>&nbsp;<\/p>\n<p>[\/et_pb_text][\/et_pb_column][\/et_pb_row][et_pb_row column_structure=&#8221;1_4,1_4,1_4,1_4&#8243; _builder_version=&#8221;4.9.7&#8243; _module_preset=&#8221;default&#8221; min_height=&#8221;370px&#8221; custom_margin=&#8221;-1px|auto|-26px|auto||&#8221; custom_padding=&#8221;0px||0px|4px||&#8221; global_colors_info=&#8221;{}&#8221;][et_pb_column type=&#8221;1_4&#8243; _builder_version=&#8221;4.9.4&#8243; _module_preset=&#8221;default&#8221; global_colors_info=&#8221;{}&#8221;][et_pb_text _builder_version=&#8221;4.9.4&#8243; _module_preset=&#8221;default&#8221; width=&#8221;100%&#8221; global_colors_info=&#8221;{}&#8221;]<\/p>\n<h2 style=\"text-align: center;\"><strong>PROCESO<\/strong><\/h2>\n<h6> <\/h6>\n<p>Duraci\u00f3n del reto: <strong>30 d\u00edas<\/strong><\/p>\n<p>Duraci\u00f3n diaria: <strong>5 minutos<\/strong> <\/p>\n<p>Ejercicios :<\/p>\n<ul>\n<li>Integrarse en la vida cotidiana<\/li>\n<li>V\u00eddeos explicativos<\/li>\n<li>Posibilidad de ser corregido enviando sus v\u00eddeos<\/li>\n<li>Seguimiento profesional, individualizado y diario<\/li>\n<\/ul>\n<p>&nbsp;<\/p>\n<p>[\/et_pb_text][\/et_pb_column][et_pb_column type=&#8221;1_4&#8243; _builder_version=&#8221;4.9.4&#8243; _module_preset=&#8221;default&#8221; global_colors_info=&#8221;{}&#8221;][et_pb_text _builder_version=&#8221;4.9.4&#8243; _module_preset=&#8221;default&#8221; global_colors_info=&#8221;{}&#8221;]<\/p>\n<h2 style=\"text-align: center;\"><strong>BENEFICIOS<\/strong><\/h2>\n<p>&nbsp;<\/p>\n<ul>\n<li>Menos dolor en la vida cotidiana<\/li>\n<li>Fortalecer los m\u00fasculos de la espalda<\/li>\n<li>Mejorar la movilidad de su cuerpo<\/li>\n<li>Creaci\u00f3n de nuevos h\u00e1bitos de vida<\/li>\n<li>Bienestar para la mente<\/li>\n<li>Seguimiento a trav\u00e9s de la aplicaci\u00f3n m\u00f3vil con acceso a los ejercicios en cualquier momento<\/li>\n<\/ul>\n<p>[\/et_pb_text][\/et_pb_column][et_pb_column type=&#8221;1_4&#8243; _builder_version=&#8221;4.9.4&#8243; _module_preset=&#8221;default&#8221; global_colors_info=&#8221;{}&#8221;][et_pb_text _builder_version=&#8221;4.9.4&#8243; _module_preset=&#8221;default&#8221; global_colors_info=&#8221;{}&#8221;]<\/p>\n<h2 style=\"text-align: center;\"><strong>REGISTRO<\/strong><\/h2>\n<p>&nbsp;<\/p>\n<ul>\n<li><a href=\"https:\/\/vidalmovement.ch\/telechargement\/\">Descargar la aplicaci\u00f3n Vidalmovement <\/a><\/li>\n<li>Crear una cuenta<\/li>\n<li>Pagar la inscripci\u00f3n<\/li>\n<li>Siga las instrucciones del reto de la espalda<\/li>\n<\/ul>\n<p>[\/et_pb_text][\/et_pb_column][et_pb_column type=&#8221;1_4&#8243; _builder_version=&#8221;4.9.4&#8243; _module_preset=&#8221;default&#8221; global_colors_info=&#8221;{}&#8221;][et_pb_text _builder_version=&#8221;4.14.8&#8243; _module_preset=&#8221;default&#8221; hover_enabled=&#8221;0&#8243; global_colors_info=&#8221;{}&#8221; sticky_enabled=&#8221;0&#8243;]<\/p>\n<h2 style=\"text-align: center;\"><strong>TARIFAS<\/strong><\/h2>\n<h6> <\/h6>\n<ul>\n<li style=\"text-align: left;\"><span style=\"font-size: 16px;\"><strong>PRECIO : 59.-<\/strong><\/span><\/li>\n<\/ul>\n<p>&nbsp;<\/p>\n<ul>\n<li>TWINT : <strong>+41 79 609 33 76<\/strong><\/li>\n<li>Datos bancarios :<\/li>\n<\/ul>\n<p><strong>Diego Vidal<\/strong><br \/><strong>Banque Raiffeisen Saxon<\/strong><br \/><strong>CH75 8057 1000 0145 9853 1<\/strong><br \/><strong>Route de la Tsatonire 32<\/strong><br \/><strong>1965 Savi\u00e8se<\/strong><\/p>\n<p>[\/et_pb_text][\/et_pb_column][\/et_pb_row][\/et_pb_section]<\/p>\n","protected":false},"excerpt":{"rendered":"<p>RETO DE LA ESPALDAFechas de los pr\u00f3ximos desaf\u00edos15 marzo 2022 &#8211; 1 abril 2022 Toma el control de tu vida &nbsp;PROCESO Duraci\u00f3n del reto: 30 d\u00edas Duraci\u00f3n diaria: 5 minutos Ejercicios : Integrarse en la vida cotidiana V\u00eddeos explicativos Posibilidad de ser corregido enviando sus v\u00eddeos Seguimiento profesional, individualizado y diario &nbsp;BENEFICIOS &nbsp; Menos dolor [&hellip;]<\/p>\n","protected":false},"author":2,"featured_media":0,"parent":0,"menu_order":0,"comment_status":"closed","ping_status":"closed","template":"","meta":{"_et_pb_use_builder":"on","_et_pb_old_content":"","_et_gb_content_width":"","footnotes":""},"class_list":["post-987","page","type-page","status-publish","hentry"],"_links":{"self":[{"href":"https:\/\/vidalmovement.ch\/es\/wp-json\/wp\/v2\/pages\/987","targetHints":{"allow":["GET"]}}],"collection":[{"href":"https:\/\/vidalmovement.ch\/es\/wp-json\/wp\/v2\/pages"}],"about":[{"href":"https:\/\/vidalmovement.ch\/es\/wp-json\/wp\/v2\/types\/page"}],"author":[{"embeddable":true,"href":"https:\/\/vidalmovement.ch\/es\/wp-json\/wp\/v2\/users\/2"}],"replies":[{"embeddable":true,"href":"https:\/\/vidalmovement.ch\/es\/wp-json\/wp\/v2\/comments?post=987"}],"version-history":[{"count":1,"href":"https:\/\/vidalmovement.ch\/es\/wp-json\/wp\/v2\/pages\/987\/revisions"}],"predecessor-version":[{"id":990,"href":"https:\/\/vidalmovement.ch\/es\/wp-json\/wp\/v2\/pages\/987\/revisions\/990"}],"wp:attachment":[{"href":"https:\/\/vidalmovement.ch\/es\/wp-json\/wp\/v2\/media?parent=987"}],"curies":[{"name":"wp","href":"https:\/\/api.w.org\/{rel}","templated":true}]}}