{"id":964,"date":"2020-06-04T10:19:59","date_gmt":"2020-06-04T08:19:59","guid":{"rendered":"https:\/\/vidalmovement.ch\/sobre-mi\/"},"modified":"2022-04-03T21:02:29","modified_gmt":"2022-04-03T19:02:29","slug":"sobre-mi","status":"publish","type":"page","link":"https:\/\/vidalmovement.ch\/es\/sobre-mi\/","title":{"rendered":"Sobre mi"},"content":{"rendered":"<p>[et_pb_section fb_built=&#8221;1&#8243; _builder_version=&#8221;4.4.7&#8243; custom_padding=&#8221;||0px||false|false&#8221;][et_pb_row column_structure=&#8221;1_2,1_2&#8243; _builder_version=&#8221;4.4.7&#8243; custom_padding=&#8221;||0px||false|false&#8221;][et_pb_column type=&#8221;1_2&#8243; _builder_version=&#8221;4.4.7&#8243;][et_pb_image src=&#8221;https:\/\/vidalmovement.ch\/wp-content\/uploads\/2020\/06\/AP_5548b.jpg&#8221; title_text=&#8221;_AP_5548b&#8221; _builder_version=&#8221;4.4.7&#8243;][\/et_pb_image][\/et_pb_column][et_pb_column type=&#8221;1_2&#8243; _builder_version=&#8221;4.4.7&#8243;][et_pb_text _builder_version=&#8221;4.8.2&#8243; header_font=&#8221;|800|||||||&#8221; header_text_align=&#8221;center&#8221; custom_margin=&#8221;70px||||false|false&#8221; custom_margin_tablet=&#8221;30px||||false|false&#8221; custom_margin_phone=&#8221;&#8221; custom_margin_last_edited=&#8221;on|phone&#8221; hover_enabled=&#8221;0&#8243; admin_label=&#8221;Texte&#8221; sticky_enabled=&#8221;0&#8243;]<\/p>\n<h1 style=\"text-align: center;\"><span style=\"text-align: left;\">Sobre mi<\/span><\/h1>\n<h2 style=\"text-align: center;\"><span style=\"font-size: 16px; text-align: left; font-weight: 500;\"> <\/span><\/h2>\n<p style=\"text-align: justify;\">Estudi\u00e9 en la Universidad de <a href=\"www.unil.ch\">Lausana<\/a> y <a href=\"www.unifr.ch\">Friburgo<\/a> en Ciencias del Deporte. Despu\u00e9s, me form\u00e9 en los m\u00e9todos de MovNat, Fighting Monkey y tambi\u00e9n Ido Portal, cuyo m\u00e9todo sigo para mi entrenamiento deportivo.<\/p>\n<p style=\"text-align: justify;\">Trabajo como profesor de deportes en las escuelas primarias de la ciudad de Sion.<\/p>\n<p style=\"text-align: justify;\">Al trabajar con clases de 20 o m\u00e1s alumnos, he comprobado que no siempre es posible superar las dificultades f\u00edsicas de algunos estudiantes. Por lo tanto, el coaching deportivo para una persona o un grupo peque\u00f1o me permite centrarme en esta carencia y en el progreso individual. Mi objetivo es ayudar a la gente a sentirse bien tanto en su cuerpo como en su mente.<\/p>\n<p style=\"text-align: justify;\">Como entrenador deportivo, mi filosof\u00eda se basa en escuchar tus deseos y personalizar los ejercicios para adaptarlos a tus necesidades.<\/p>\n<p>[\/et_pb_text][\/et_pb_column][\/et_pb_row][\/et_pb_section]<\/p>\n","protected":false},"excerpt":{"rendered":"<p>[et_pb_section fb_built=&#8221;1&#8243; _builder_version=&#8221;4.4.7&#8243; custom_padding=&#8221;||0px||false|false&#8221;][et_pb_row column_structure=&#8221;1_2,1_2&#8243; _builder_version=&#8221;4.4.7&#8243; custom_padding=&#8221;||0px||false|false&#8221;][et_pb_column type=&#8221;1_2&#8243; _builder_version=&#8221;4.4.7&#8243;][et_pb_image src=&#8221;https:\/\/vidalmovement.ch\/wp-content\/uploads\/2020\/06\/AP_5548b.jpg&#8221; title_text=&#8221;_AP_5548b&#8221; _builder_version=&#8221;4.4.7&#8243;][\/et_pb_image][\/et_pb_column][et_pb_column type=&#8221;1_2&#8243; _builder_version=&#8221;4.4.7&#8243;][et_pb_text _builder_version=&#8221;4.8.2&#8243; header_font=&#8221;|800|||||||&#8221; header_text_align=&#8221;center&#8221; custom_margin=&#8221;70px||||false|false&#8221; custom_margin_tablet=&#8221;30px||||false|false&#8221; custom_margin_phone=&#8221;&#8221; custom_margin_last_edited=&#8221;on|phone&#8221; hover_enabled=&#8221;0&#8243; admin_label=&#8221;Texte&#8221; sticky_enabled=&#8221;0&#8243;] Sobre mi Estudi\u00e9 en la Universidad de Lausana y Friburgo en Ciencias del Deporte. Despu\u00e9s, me form\u00e9 en los m\u00e9todos de MovNat, Fighting Monkey y tambi\u00e9n Ido Portal, cuyo m\u00e9todo sigo [&hellip;]<\/p>\n","protected":false},"author":2,"featured_media":0,"parent":0,"menu_order":0,"comment_status":"closed","ping_status":"closed","template":"","meta":{"_et_pb_use_builder":"off","_et_pb_old_content":"","_et_gb_content_width":"","footnotes":""},"class_list":["post-964","page","type-page","status-publish","hentry"],"_links":{"self":[{"href":"https:\/\/vidalmovement.ch\/es\/wp-json\/wp\/v2\/pages\/964","targetHints":{"allow":["GET"]}}],"collection":[{"href":"https:\/\/vidalmovement.ch\/es\/wp-json\/wp\/v2\/pages"}],"about":[{"href":"https:\/\/vidalmovement.ch\/es\/wp-json\/wp\/v2\/types\/page"}],"author":[{"embeddable":true,"href":"https:\/\/vidalmovement.ch\/es\/wp-json\/wp\/v2\/users\/2"}],"replies":[{"embeddable":true,"href":"https:\/\/vidalmovement.ch\/es\/wp-json\/wp\/v2\/comments?post=964"}],"version-history":[{"count":2,"href":"https:\/\/vidalmovement.ch\/es\/wp-json\/wp\/v2\/pages\/964\/revisions"}],"predecessor-version":[{"id":972,"href":"https:\/\/vidalmovement.ch\/es\/wp-json\/wp\/v2\/pages\/964\/revisions\/972"}],"wp:attachment":[{"href":"https:\/\/vidalmovement.ch\/es\/wp-json\/wp\/v2\/media?parent=964"}],"curies":[{"name":"wp","href":"https:\/\/api.w.org\/{rel}","templated":true}]}}