{"id":1019,"date":"2020-06-04T09:57:04","date_gmt":"2020-06-04T07:57:04","guid":{"rendered":"https:\/\/vidalmovement.ch\/tarifas\/"},"modified":"2022-04-03T22:37:10","modified_gmt":"2022-04-03T20:37:10","slug":"tarifas","status":"publish","type":"page","link":"https:\/\/vidalmovement.ch\/es\/tarifas\/","title":{"rendered":"Tarifas"},"content":{"rendered":"<p>[et_pb_section fb_built=&#8221;1&#8243; _builder_version=&#8221;4.4.7&#8243; global_colors_info=&#8221;{}&#8221;][et_pb_row _builder_version=&#8221;4.4.7&#8243; global_colors_info=&#8221;{}&#8221;][et_pb_column type=&#8221;4_4&#8243; _builder_version=&#8221;4.4.7&#8243; global_colors_info=&#8221;{}&#8221;][et_pb_text _builder_version=&#8221;4.4.7&#8243; header_font=&#8221;|800|||||||&#8221; header_text_align=&#8221;center&#8221; global_colors_info=&#8221;{}&#8221;]<\/p>\n<h1>TARIFAS DE LOS CURSOS<\/h1>\n<p>[\/et_pb_text][\/et_pb_column][\/et_pb_row][et_pb_row column_structure=&#8221;1_3,1_3,1_3&#8243; use_custom_gutter=&#8221;on&#8221; gutter_width=&#8221;1&#8243; make_equal=&#8221;on&#8221; _builder_version=&#8221;4.4.7&#8243; custom_margin=&#8221;|auto|-30px|auto||&#8221; global_colors_info=&#8221;{}&#8221;][et_pb_column type=&#8221;1_3&#8243; _builder_version=&#8221;4.4.7&#8243; global_colors_info=&#8221;{}&#8221;][et_pb_cta title=&#8221;Clases en grupo 10 veces&#8221; button_url=&#8221;https:\/\/vidalmovement.sites.zenplanner.com\/calendar.cfm&#8221; url_new_window=&#8221;on&#8221; button_text=&#8221;Reservar&#8221; _builder_version=&#8221;4.6.1&#8243; background_color=&#8221;#12100b&#8221; border_width_all=&#8221;1px&#8221; border_color_all=&#8221;#fcbf06&#8243; global_colors_info=&#8221;{}&#8221;]<\/p>\n<p>Duraci\u00f3n del curso: 1 hora<\/p>\n<p>295 CHF<\/p>\n<p>[\/et_pb_cta][\/et_pb_column][et_pb_column type=&#8221;1_3&#8243; _builder_version=&#8221;4.4.7&#8243; global_colors_info=&#8221;{}&#8221;][et_pb_cta title=&#8221;Cursos grupales ilimitados 3 meses&#8221; button_url=&#8221;https:\/\/vidalmovement.sites.zenplanner.com\/calendar.cfm&#8221; url_new_window=&#8221;on&#8221; button_text=&#8221;Reservar&#8221; _builder_version=&#8221;4.6.1&#8243; background_color=&#8221;#12100b&#8221; border_width_all=&#8221;1px&#8221; border_color_all=&#8221;#fcbf06&#8243; global_colors_info=&#8221;{}&#8221;]<\/p>\n<p>Duraci\u00f3n del curso: 1 hora<\/p>\n<p>650 CHF<\/p>\n<p>[\/et_pb_cta][\/et_pb_column][et_pb_column type=&#8221;1_3&#8243; _builder_version=&#8221;4.4.7&#8243; global_colors_info=&#8221;{}&#8221;][et_pb_cta title=&#8221;Clases particulares 10 veces&#8221; button_url=&#8221;https:\/\/vidalmovement.sites.zenplanner.com\/calendar.cfm&#8221; url_new_window=&#8221;on&#8221; button_text=&#8221;Reservar&#8221; _builder_version=&#8221;4.6.1&#8243; background_color=&#8221;#12100b&#8221; border_width_all=&#8221;1px&#8221; border_color_all=&#8221;#fcbf06&#8243; global_colors_info=&#8221;{}&#8221;]<\/p>\n<p>Duraci\u00f3n del curso: 1 hora<\/p>\n<p>920 CHF<\/p>\n<p>[\/et_pb_cta][\/et_pb_column][\/et_pb_row][et_pb_row column_structure=&#8221;1_3,1_3,1_3&#8243; use_custom_gutter=&#8221;on&#8221; gutter_width=&#8221;1&#8243; make_equal=&#8221;on&#8221; _builder_version=&#8221;4.4.7&#8243; min_height=&#8221;312.5px&#8221; global_colors_info=&#8221;{}&#8221;][et_pb_column type=&#8221;1_3&#8243; _builder_version=&#8221;4.4.7&#8243; global_colors_info=&#8221;{}&#8221;][et_pb_cta title=&#8221;Reto de la espalda&#8221; button_url=&#8221;https:\/\/vidalmovement.ch\/es\/reto-de-la-espalda\/&#8221; url_new_window=&#8221;on&#8221; button_text=&#8221;Reservar&#8221; _builder_version=&#8221;4.14.8&#8243; background_color=&#8221;#12100b&#8221; border_width_all=&#8221;1px&#8221; border_color_all=&#8221;#fcbf06&#8243; global_colors_info=&#8221;{}&#8221;]<\/p>\n<p>Duraci\u00f3n del programa: 30 d\u00edas<\/p>\n<p>59 CHF<\/p>\n<p>[\/et_pb_cta][\/et_pb_column][et_pb_column type=&#8221;1_3&#8243; _builder_version=&#8221;4.4.7&#8243; global_colors_info=&#8221;{}&#8221;][et_pb_cta title=&#8221;Programa de coordinaci\u00f3n y movilidad&#8221; button_url=&#8221;https:\/\/vidalmovement.ch\/es\/coordinacion-y-movilidad\/&#8221; url_new_window=&#8221;on&#8221; button_text=&#8221;Reservar&#8221; _builder_version=&#8221;4.14.8&#8243; background_color=&#8221;#12100b&#8221; border_width_all=&#8221;1px&#8221; border_color_all=&#8221;#fcbf06&#8243; global_colors_info=&#8221;{}&#8221;]<\/p>\n<p>Duraci\u00f3n del programa: 1 mes<\/p>\n<p>desde 79 CHF<\/p>\n<p>[\/et_pb_cta][\/et_pb_column][et_pb_column type=&#8221;1_3&#8243; _builder_version=&#8221;4.4.7&#8243; global_colors_info=&#8221;{}&#8221;][et_pb_cta title=&#8221;Programa del perin\u00e9&#8221; button_url=&#8221;https:\/\/vidalmovement.ch\/es\/ejercicios-para-el-perine\/&#8221; url_new_window=&#8221;on&#8221; button_text=&#8221;Reservar&#8221; _builder_version=&#8221;4.14.8&#8243; background_color=&#8221;#12100b&#8221; border_width_all=&#8221;1px&#8221; border_color_all=&#8221;#fcbf06&#8243; global_colors_info=&#8221;{}&#8221;]<\/p>\n<p>Duraci\u00f3n del programa: ilimitada<\/p>\n<p>15 CHF<\/p>\n<p>[\/et_pb_cta][\/et_pb_column][\/et_pb_row][et_pb_row _builder_version=&#8221;4.4.7&#8243; background_color=&#8221;#12100b&#8221; border_width_all=&#8221;1px&#8221; border_color_all=&#8221;#fcbf06&#8243; global_colors_info=&#8221;{}&#8221;][et_pb_column type=&#8221;4_4&#8243; _builder_version=&#8221;4.4.7&#8243; global_colors_info=&#8221;{}&#8221;][et_pb_text _builder_version=&#8221;4.4.7&#8243; text_text_color=&#8221;#ffffff&#8221; header_text_color=&#8221;#ffffff&#8221; custom_padding=&#8221;|||20px|false|false&#8221; global_colors_info=&#8221;{}&#8221;]<\/p>\n<p>Ubicaciones y datos de contacto<\/p>\n<p><i class=\"fas fa-phone\"><\/i><a href=\"tel:+41796093376\">079\/609.33.76<\/a><br \/> <i class=\"fas fa-envelope\"><\/i><a href=\"mailto:info@vidalmovement.ch\">info@vidalmovement.ch<br \/><span>Route de la Morge 37<\/span><br \/><span>1964 Conthey<\/span><\/a><\/p>\n<p>VidalMovement<\/p>\n<p>&nbsp;<\/p>\n<p>[\/et_pb_text][\/et_pb_column][\/et_pb_row][\/et_pb_section]<\/p>\n","protected":false},"excerpt":{"rendered":"<p>TARIFAS DE LOS CURSOSDuraci\u00f3n del curso: 1 hora 295 CHFDuraci\u00f3n del curso: 1 hora 650 CHFDuraci\u00f3n del curso: 1 hora 920 CHFDuraci\u00f3n del programa: 30 d\u00edas 59 CHFDuraci\u00f3n del programa: 1 mes desde 79 CHFDuraci\u00f3n del programa: ilimitada 15 CHFUbicaciones y datos de contacto 079\/609.33.76 info@vidalmovement.chRoute de la Morge 371964 Conthey VidalMovement &nbsp;<\/p>\n","protected":false},"author":2,"featured_media":0,"parent":0,"menu_order":0,"comment_status":"closed","ping_status":"closed","template":"","meta":{"_et_pb_use_builder":"on","_et_pb_old_content":"","_et_gb_content_width":"","footnotes":""},"class_list":["post-1019","page","type-page","status-publish","hentry"],"_links":{"self":[{"href":"https:\/\/vidalmovement.ch\/es\/wp-json\/wp\/v2\/pages\/1019","targetHints":{"allow":["GET"]}}],"collection":[{"href":"https:\/\/vidalmovement.ch\/es\/wp-json\/wp\/v2\/pages"}],"about":[{"href":"https:\/\/vidalmovement.ch\/es\/wp-json\/wp\/v2\/types\/page"}],"author":[{"embeddable":true,"href":"https:\/\/vidalmovement.ch\/es\/wp-json\/wp\/v2\/users\/2"}],"replies":[{"embeddable":true,"href":"https:\/\/vidalmovement.ch\/es\/wp-json\/wp\/v2\/comments?post=1019"}],"version-history":[{"count":2,"href":"https:\/\/vidalmovement.ch\/es\/wp-json\/wp\/v2\/pages\/1019\/revisions"}],"predecessor-version":[{"id":1021,"href":"https:\/\/vidalmovement.ch\/es\/wp-json\/wp\/v2\/pages\/1019\/revisions\/1021"}],"wp:attachment":[{"href":"https:\/\/vidalmovement.ch\/es\/wp-json\/wp\/v2\/media?parent=1019"}],"curies":[{"name":"wp","href":"https:\/\/api.w.org\/{rel}","templated":true}]}}