{"id":1016,"date":"2020-06-08T09:00:56","date_gmt":"2020-06-08T07:00:56","guid":{"rendered":"https:\/\/vidalmovement.ch\/reserva-de-cursos\/"},"modified":"2022-04-03T22:34:01","modified_gmt":"2022-04-03T20:34:01","slug":"reserva-de-cursos","status":"publish","type":"page","link":"https:\/\/vidalmovement.ch\/es\/reserva-de-cursos\/","title":{"rendered":"Reserva de cursos"},"content":{"rendered":"<p>[et_pb_section fb_built=&#8221;1&#8243; _builder_version=&#8221;4.4.7&#8243; custom_padding=&#8221;||23px|||&#8221;][et_pb_row _builder_version=&#8221;4.4.7&#8243;][et_pb_column type=&#8221;4_4&#8243; _builder_version=&#8221;4.4.7&#8243;][et_pb_text _builder_version=&#8221;4.9.7&#8243; header_font=&#8221;|800|||||||&#8221; header_text_align=&#8221;center&#8221;]<\/p>\n<h1>Reserva de cursos<\/h1>\n<p>[\/et_pb_text][\/et_pb_column][\/et_pb_row][et_pb_row _builder_version=&#8221;4.4.7&#8243;][et_pb_column type=&#8221;4_4&#8243; _builder_version=&#8221;4.4.7&#8243;][et_pb_text _builder_version=&#8221;4.9.7&#8243;]<\/p>\n<p>Descarga la aplicaci\u00f3n Vidalmovement a trav\u00e9s del siguiente enlace \u2935\ufe0f<\/p>\n<p>Reg\u00edstrese y acceda a las reservas de cursos.<\/p>\n<p>Si lo desea, puede disponer de otras franjas horarias.<\/p>\n<p>[\/et_pb_text][\/et_pb_column][\/et_pb_row][\/et_pb_section][et_pb_section fb_built=&#8221;1&#8243; _builder_version=&#8221;4.9.7&#8243; _module_preset=&#8221;default&#8221;][et_pb_row _builder_version=&#8221;4.9.7&#8243; _module_preset=&#8221;default&#8221; custom_margin=&#8221;-72px|auto||auto||&#8221;][et_pb_column type=&#8221;4_4&#8243; _builder_version=&#8221;4.9.7&#8243; _module_preset=&#8221;default&#8221;][et_pb_text _builder_version=&#8221;4.9.4&#8243; _module_preset=&#8221;default&#8221; min_height=&#8221;86px&#8221; custom_margin=&#8221;-1px|||||&#8221; custom_padding=&#8221;53px||0px|||&#8221;]<\/p>\n<h2 style=\"text-align: center;\"><strong>Descargar la aplicaci\u00f3n m\u00f3vil<\/strong><\/h2>\n<p>[\/et_pb_text][\/et_pb_column][\/et_pb_row][et_pb_row column_structure=&#8221;1_2,1_2&#8243; _builder_version=&#8221;4.4.7&#8243; custom_padding=&#8221;||0px||false|false&#8221;][et_pb_column type=&#8221;1_2&#8243; _builder_version=&#8221;4.4.7&#8243;][et_pb_image src=&#8221;https:\/\/vidalmovement.ch\/wp-content\/uploads\/2021\/03\/iphone-Vidalmovement.png&#8221; title_text=&#8221;iphone Vidalmovement&#8221; align=&#8221;center&#8221; align_tablet=&#8221;&#8221; align_phone=&#8221;&#8221; align_last_edited=&#8221;on|phone&#8221; admin_label=&#8221;Image&#8221; _builder_version=&#8221;4.9.4&#8243; width=&#8221;114.4%&#8221; min_height=&#8221;142px&#8221; custom_margin=&#8221;|-156px|-4px|||&#8221; custom_padding=&#8221;|148px|4px|124px||&#8221;][\/et_pb_image][\/et_pb_column][et_pb_column type=&#8221;1_2&#8243; _builder_version=&#8221;4.9.4&#8243; _module_preset=&#8221;default&#8221;][et_pb_text admin_label=&#8221;Texte&#8221; _builder_version=&#8221;4.9.4&#8243; header_font=&#8221;|800|||||||&#8221; header_text_align=&#8221;center&#8221; min_height=&#8221;143px&#8221; custom_margin=&#8221;120px||120px||true|false&#8221; custom_margin_tablet=&#8221;30px||||false|false&#8221; custom_margin_phone=&#8221;&#8221; custom_margin_last_edited=&#8221;on|phone&#8221; custom_padding=&#8221;37px|||||&#8221;]<\/p>\n<h3 style=\"text-align: center;\"><span style=\"font-size: xx-large;\">Los links<\/span><\/h3>\n<p>&nbsp;<\/p>\n<p style=\"text-align: center;\"><span style=\"color: #000000;\"><a style=\"color: #000000;\" href=\"https:\/\/apps.apple.com\/ch\/app\/vidal-movement\/id1515889805?l=fr\">Link apple store: <\/a><a href=\"https:\/\/apps.apple.com\/ch\/app\/vidal-movement\/id1515889805?l=fr\">https:\/\/apps.apple.com\/ch\/app\/vidal-movement\/id1515889805?l=fr<\/a><\/span><\/p>\n<p style=\"text-align: center;\">Link google play : <a href=\"https:\/\/play.google.com\/store\/apps\/details?id=ch.alpsoft.vidalmovement&amp;hl=fr&amp;gl=US\">https:\/\/play.google.com\/store\/apps\/details?id=ch.alpsoft.vidalmovement&amp;hl=fr&amp;gl=US<\/a><\/p>\n<p style=\"text-align: justify;\">[\/et_pb_text][\/et_pb_column][\/et_pb_row][\/et_pb_section]<\/p>\n","protected":false},"excerpt":{"rendered":"<p>Reserva de cursosDescarga la aplicaci\u00f3n Vidalmovement a trav\u00e9s del siguiente enlace \u2935\ufe0f Reg\u00edstrese y acceda a las reservas de cursos. Si lo desea, puede disponer de otras franjas horarias.Descargar la aplicaci\u00f3n m\u00f3vilLos links &nbsp; Link apple store: https:\/\/apps.apple.com\/ch\/app\/vidal-movement\/id1515889805?l=fr Link google play : https:\/\/play.google.com\/store\/apps\/details?id=ch.alpsoft.vidalmovement&amp;hl=fr&amp;gl=US<\/p>\n","protected":false},"author":2,"featured_media":0,"parent":0,"menu_order":0,"comment_status":"closed","ping_status":"closed","template":"","meta":{"_et_pb_use_builder":"on","_et_pb_old_content":"","_et_gb_content_width":"","footnotes":""},"class_list":["post-1016","page","type-page","status-publish","hentry"],"_links":{"self":[{"href":"https:\/\/vidalmovement.ch\/es\/wp-json\/wp\/v2\/pages\/1016","targetHints":{"allow":["GET"]}}],"collection":[{"href":"https:\/\/vidalmovement.ch\/es\/wp-json\/wp\/v2\/pages"}],"about":[{"href":"https:\/\/vidalmovement.ch\/es\/wp-json\/wp\/v2\/types\/page"}],"author":[{"embeddable":true,"href":"https:\/\/vidalmovement.ch\/es\/wp-json\/wp\/v2\/users\/2"}],"replies":[{"embeddable":true,"href":"https:\/\/vidalmovement.ch\/es\/wp-json\/wp\/v2\/comments?post=1016"}],"version-history":[{"count":2,"href":"https:\/\/vidalmovement.ch\/es\/wp-json\/wp\/v2\/pages\/1016\/revisions"}],"predecessor-version":[{"id":1018,"href":"https:\/\/vidalmovement.ch\/es\/wp-json\/wp\/v2\/pages\/1016\/revisions\/1018"}],"wp:attachment":[{"href":"https:\/\/vidalmovement.ch\/es\/wp-json\/wp\/v2\/media?parent=1016"}],"curies":[{"name":"wp","href":"https:\/\/api.w.org\/{rel}","templated":true}]}}