{"id":880,"date":"2022-01-06T17:01:39","date_gmt":"2022-01-06T16:01:39","guid":{"rendered":"https:\/\/vidalmovement.ch\/perineumuebungen\/"},"modified":"2022-04-02T00:32:12","modified_gmt":"2022-04-01T22:32:12","slug":"perineumuebungen","status":"publish","type":"page","link":"https:\/\/vidalmovement.ch\/de\/perineumuebungen\/","title":{"rendered":"Perineum\u00fcbungen"},"content":{"rendered":"<p>[et_pb_section fb_built=&#8221;1&#8243; _builder_version=&#8221;4.9.4&#8243; _module_preset=&#8221;default&#8221; custom_margin=&#8221;||-19px|||&#8221; custom_padding=&#8221;||1px|||&#8221; global_colors_info=&#8221;{}&#8221;][et_pb_row _builder_version=&#8221;4.9.4&#8243; _module_preset=&#8221;default&#8221; min_height=&#8221;14px&#8221; custom_margin=&#8221;0px|auto|4px|auto||&#8221; custom_padding=&#8221;21px||0px|||&#8221; global_colors_info=&#8221;{}&#8221;][et_pb_column type=&#8221;4_4&#8243; _builder_version=&#8221;4.9.4&#8243; _module_preset=&#8221;default&#8221; global_colors_info=&#8221;{}&#8221;][et_pb_text _builder_version=&#8221;4.9.4&#8243; _module_preset=&#8221;default&#8221; min_height=&#8221;138px&#8221; custom_margin=&#8221;-50px||-53px|||&#8221; custom_padding=&#8221;16px||2px|||&#8221; text_text_shadow_style=&#8221;preset1&#8243; global_colors_info=&#8221;{}&#8221;]<\/p>\n<h1 style=\"text-align: center;\">PERINEUM\u00dcBUNGEN<\/h1>\n<p>[\/et_pb_text][\/et_pb_column][\/et_pb_row][\/et_pb_section][et_pb_section fb_built=&#8221;1&#8243; _builder_version=&#8221;4.14.2&#8243; _module_preset=&#8221;default&#8221; custom_padding=&#8221;0px||0px|||&#8221; global_colors_info=&#8221;{}&#8221;][et_pb_row _builder_version=&#8221;4.14.2&#8243; _module_preset=&#8221;default&#8221; global_colors_info=&#8221;{}&#8221;][et_pb_column type=&#8221;4_4&#8243; _builder_version=&#8221;4.14.2&#8243; _module_preset=&#8221;default&#8221; global_colors_info=&#8221;{}&#8221;][et_pb_video src=&#8221;https:\/\/youtu.be\/nmiN8zDulAM&#8221; _builder_version=&#8221;4.14.2&#8243; _module_preset=&#8221;default&#8221; global_colors_info=&#8221;{}&#8221;][\/et_pb_video][\/et_pb_column][\/et_pb_row][\/et_pb_section][et_pb_section fb_built=&#8221;1&#8243; _builder_version=&#8221;4.9.4&#8243; min_height=&#8221;441px&#8221; custom_padding=&#8221;0px||50px||false|false&#8221; global_colors_info=&#8221;{}&#8221;][et_pb_row column_structure=&#8221;1_4,1_4,1_4,1_4&#8243; _builder_version=&#8221;4.9.7&#8243; _module_preset=&#8221;default&#8221; min_height=&#8221;370px&#8221; custom_margin=&#8221;-1px|auto|-26px|auto||&#8221; custom_padding=&#8221;0px||0px|4px||&#8221; global_colors_info=&#8221;{}&#8221;][et_pb_column type=&#8221;1_4&#8243; _builder_version=&#8221;4.9.4&#8243; _module_preset=&#8221;default&#8221; global_colors_info=&#8221;{}&#8221;][et_pb_text _builder_version=&#8221;4.14.2&#8243; _module_preset=&#8221;default&#8221; width=&#8221;100%&#8221; global_colors_info=&#8221;{}&#8221;]<\/p>\n<h2 style=\"text-align: center;\"><strong>PROZESS<\/strong><\/h2>\n<h6> <strong> <\/strong><\/h6>\n<p>\u00dcbungen :<\/p>\n<ul>\n<li>In Ihren Alltag zu integrieren<\/li>\n<li>Mit Erkl\u00e4rungsvideos<\/li>\n<li>Mit Korrekturen, indem Sie Ihre Videos einsenden<\/li>\n<li>Mit professioneller und individueller Betreuung<\/li>\n<\/ul>\n<p>&nbsp;<\/p>\n<p>[\/et_pb_text][\/et_pb_column][et_pb_column type=&#8221;1_4&#8243; _builder_version=&#8221;4.9.4&#8243; _module_preset=&#8221;default&#8221; global_colors_info=&#8221;{}&#8221;][et_pb_text _builder_version=&#8221;4.14.2&#8243; _module_preset=&#8221;default&#8221; global_colors_info=&#8221;{}&#8221;]<\/p>\n<h2 style=\"text-align: center;\"><strong>VORTEILE<\/strong><\/h2>\n<p>&nbsp;<\/p>\n<p>&nbsp;<\/p>\n<ul>\n<li>Schmerzen reduzieren<\/li>\n<li>Sexuelle Lust st\u00e4rken<\/li>\n<li>Einer Organsenkung vorbeugen<\/li>\n<li>Verhindern von Blasenschw\u00e4che<\/li>\n<\/ul>\n<p>[\/et_pb_text][\/et_pb_column][et_pb_column type=&#8221;1_4&#8243; _builder_version=&#8221;4.9.4&#8243; _module_preset=&#8221;default&#8221; global_colors_info=&#8221;{}&#8221;][et_pb_text _builder_version=&#8221;4.14.8&#8243; _module_preset=&#8221;default&#8221; global_colors_info=&#8221;{}&#8221;]<\/p>\n<h2 style=\"text-align: center;\"><strong>ANMELDUNG<\/strong><\/h2>\n<p>&nbsp;<\/p>\n<p>&nbsp;<\/p>\n<ul>\n<li><a href=\"https:\/\/vidalmovement.ch\/de\/download\/\">Download der Vidalmovement App<\/a><\/li>\n<li>Ein Konto erstellen<\/li>\n<li>Die Anmeldung bezahlen<\/li>\n<li>Befolgen Sie die Anweisungen f\u00fcr Beckenboden\u00fcbungen<\/li>\n<\/ul>\n<p>[\/et_pb_text][\/et_pb_column][et_pb_column type=&#8221;1_4&#8243; _builder_version=&#8221;4.9.4&#8243; _module_preset=&#8221;default&#8221; global_colors_info=&#8221;{}&#8221;][et_pb_text _builder_version=&#8221;4.14.8&#8243; _module_preset=&#8221;default&#8221; global_colors_info=&#8221;{}&#8221;]<\/p>\n<h2 style=\"text-align: center;\"><strong>PREISE<\/strong><\/h2>\n<h2> <\/h2>\n<h3> <\/h3>\n<ul>\n<li style=\"text-align: left;\"><span style=\"font-size: 16px;\"><strong>PREISE : 15.-<\/strong><\/span><\/li>\n<li>TWINT : <strong>+41 79 609 33 76<\/strong><\/li>\n<li>Bankverbindung :<\/li>\n<\/ul>\n<p style=\"padding-left: 40px;\"><strong>Diego Vidal<\/strong><br \/><strong>Banque Raiffeisen Saxon<\/strong><br \/><strong>CH75 8057 1000 0145 9853 1<\/strong><br \/><strong>Route de la Tsatonire 32<\/strong><br \/><strong>1965 Savi\u00e8se<\/strong><\/p>\n<p>[\/et_pb_text][\/et_pb_column][\/et_pb_row][\/et_pb_section]<\/p>\n","protected":false},"excerpt":{"rendered":"<p>PERINEUM\u00dcBUNGENPROZESS \u00dcbungen : In Ihren Alltag zu integrieren Mit Erkl\u00e4rungsvideos Mit Korrekturen, indem Sie Ihre Videos einsenden Mit professioneller und individueller Betreuung &nbsp;VORTEILE &nbsp; &nbsp; Schmerzen reduzieren Sexuelle Lust st\u00e4rken Einer Organsenkung vorbeugen Verhindern von Blasenschw\u00e4che ANMELDUNG &nbsp; &nbsp; Download der Vidalmovement App Ein Konto erstellen Die Anmeldung bezahlen Befolgen Sie die Anweisungen f\u00fcr Beckenboden\u00fcbungen [&hellip;]<\/p>\n","protected":false},"author":2,"featured_media":0,"parent":0,"menu_order":0,"comment_status":"closed","ping_status":"closed","template":"","meta":{"_et_pb_use_builder":"on","_et_pb_old_content":"","_et_gb_content_width":"","footnotes":""},"class_list":["post-880","page","type-page","status-publish","hentry"],"_links":{"self":[{"href":"https:\/\/vidalmovement.ch\/de\/wp-json\/wp\/v2\/pages\/880","targetHints":{"allow":["GET"]}}],"collection":[{"href":"https:\/\/vidalmovement.ch\/de\/wp-json\/wp\/v2\/pages"}],"about":[{"href":"https:\/\/vidalmovement.ch\/de\/wp-json\/wp\/v2\/types\/page"}],"author":[{"embeddable":true,"href":"https:\/\/vidalmovement.ch\/de\/wp-json\/wp\/v2\/users\/2"}],"replies":[{"embeddable":true,"href":"https:\/\/vidalmovement.ch\/de\/wp-json\/wp\/v2\/comments?post=880"}],"version-history":[{"count":4,"href":"https:\/\/vidalmovement.ch\/de\/wp-json\/wp\/v2\/pages\/880\/revisions"}],"predecessor-version":[{"id":885,"href":"https:\/\/vidalmovement.ch\/de\/wp-json\/wp\/v2\/pages\/880\/revisions\/885"}],"wp:attachment":[{"href":"https:\/\/vidalmovement.ch\/de\/wp-json\/wp\/v2\/media?parent=880"}],"curies":[{"name":"wp","href":"https:\/\/api.w.org\/{rel}","templated":true}]}}