{"id":874,"date":"2022-01-06T17:19:53","date_gmt":"2022-01-06T16:19:53","guid":{"rendered":"https:\/\/vidalmovement.ch\/koordination-und-mobilitaet\/"},"modified":"2022-07-19T16:39:07","modified_gmt":"2022-07-19T14:39:07","slug":"koordination-und-mobilitaet","status":"publish","type":"page","link":"https:\/\/vidalmovement.ch\/de\/koordination-und-mobilitaet\/","title":{"rendered":"Koordination und Mobilit\u00e4t"},"content":{"rendered":"<p>[et_pb_section fb_built=&#8221;1&#8243; _builder_version=&#8221;4.16&#8243; _module_preset=&#8221;default&#8221; custom_margin=&#8221;||-19px|||&#8221; custom_padding=&#8221;||1px|||&#8221; global_colors_info=&#8221;{}&#8221;][et_pb_row _builder_version=&#8221;4.16&#8243; _module_preset=&#8221;default&#8221; min_height=&#8221;14px&#8221; custom_margin=&#8221;0px|auto|4px|auto||&#8221; custom_padding=&#8221;21px||61px|||&#8221; global_colors_info=&#8221;{}&#8221;][et_pb_column type=&#8221;4_4&#8243; _builder_version=&#8221;4.16&#8243; _module_preset=&#8221;default&#8221; global_colors_info=&#8221;{}&#8221;][et_pb_text _builder_version=&#8221;4.16&#8243; _module_preset=&#8221;default&#8221; min_height=&#8221;138px&#8221; custom_margin=&#8221;-86px||-77px|||&#8221; custom_padding=&#8221;91px||2px|||&#8221; text_text_shadow_style=&#8221;preset1&#8243; global_colors_info=&#8221;{}&#8221;]<\/p>\n<h1 style=\"text-align: center;\">KOORDINIERUNGSPROGRAMM + MOBILIT\u00c4T <\/h1>\n<p>[\/et_pb_text][\/et_pb_column][\/et_pb_row][\/et_pb_section][et_pb_section fb_built=&#8221;1&#8243; _builder_version=&#8221;4.16&#8243; _module_preset=&#8221;default&#8221; global_colors_info=&#8221;{}&#8221;][et_pb_row _builder_version=&#8221;4.16&#8243; _module_preset=&#8221;default&#8221; global_colors_info=&#8221;{}&#8221;][et_pb_column type=&#8221;4_4&#8243; _builder_version=&#8221;4.16&#8243; _module_preset=&#8221;default&#8221; global_colors_info=&#8221;{}&#8221;][et_pb_video src=&#8221;https:\/\/vidalmovement.ch\/wp-content\/uploads\/2022\/03\/Pub-CM.mp4&#8243; _builder_version=&#8221;4.16&#8243; _module_preset=&#8221;default&#8221; global_colors_info=&#8221;{}&#8221;][\/et_pb_video][\/et_pb_column][\/et_pb_row][\/et_pb_section][et_pb_section fb_built=&#8221;1&#8243; _builder_version=&#8221;4.16&#8243; min_height=&#8221;496px&#8221; custom_padding=&#8221;0px||0px||false|false&#8221; global_colors_info=&#8221;{}&#8221;][et_pb_row column_structure=&#8221;1_4,1_4,1_4,1_4&#8243; _builder_version=&#8221;4.16&#8243; _module_preset=&#8221;default&#8221; min_height=&#8221;370px&#8221; custom_margin=&#8221;-1px|auto|-26px|auto||&#8221; custom_padding=&#8221;0px||0px|4px||&#8221; global_colors_info=&#8221;{}&#8221;][et_pb_column type=&#8221;1_4&#8243; _builder_version=&#8221;4.16&#8243; _module_preset=&#8221;default&#8221; global_colors_info=&#8221;{}&#8221;][et_pb_text _builder_version=&#8221;4.16&#8243; _module_preset=&#8221;default&#8221; width=&#8221;100%&#8221; global_colors_info=&#8221;{}&#8221;]<\/p>\n<h2 style=\"text-align: center;\"><strong>PROZESS<\/strong><\/h2>\n<h6> <\/h6>\n<p style=\"text-align: justify;\">Arbeiten Sie an den koordinativen F\u00e4higkeiten und der Mobilit\u00e4t mit:<\/p>\n<p>&nbsp;<\/p>\n<ul>\n<li>Ein Privatcoach<\/li>\n<li>Pers\u00f6nliche Betreuung<\/li>\n<li>Eine mobile App<\/li>\n<li>Eine Entwicklung der \u00dcbungen<\/li>\n<li>Personalisierte Korrekturen (\u00fcber Videos)<\/li>\n<li>Ein spielerischer Weg<\/li>\n<\/ul>\n<p>[\/et_pb_text][\/et_pb_column][et_pb_column type=&#8221;1_4&#8243; _builder_version=&#8221;4.16&#8243; _module_preset=&#8221;default&#8221; global_colors_info=&#8221;{}&#8221;][et_pb_text _builder_version=&#8221;4.16&#8243; _module_preset=&#8221;default&#8221; global_colors_info=&#8221;{}&#8221;]<\/p>\n<h2 style=\"text-align: center;\"><strong>VORTEILE<\/strong><\/h2>\n<p>&nbsp;<\/p>\n<ul>\n<li>\n<div class=\"O0\" style=\"text-align: justify;\">Nicht die Zeit, die bei den Trainings zur Verf\u00fcgung steht<\/div>\n<\/li>\n<li style=\"text-align: justify;\">Defizite bei den Koordinationsf\u00e4higkeiten beheben<\/li>\n<li style=\"text-align: justify;\">Verbesserung der mangelnden Beweglichkeit von Gelenken und Muskeln<\/li>\n<li style=\"text-align: justify;\">Die eigenen K\u00f6rperbewegungen verstehen und beherrschen<\/li>\n<li style=\"text-align: justify;\">Bek\u00e4mpfung der \u00dcberspezialisierung in Sportarten<\/li>\n<\/ul>\n<p>[\/et_pb_text][\/et_pb_column][et_pb_column type=&#8221;1_4&#8243; _builder_version=&#8221;4.16&#8243; _module_preset=&#8221;default&#8221; global_colors_info=&#8221;{}&#8221;][et_pb_text _builder_version=&#8221;4.17.4&#8243; _module_preset=&#8221;default&#8221; width=&#8221;100%&#8221; global_colors_info=&#8221;{}&#8221;]<\/p>\n<h2 style=\"text-align: center;\"><strong>ANMELDUNG<\/strong><\/h2>\n<p>&nbsp;<\/p>\n<ul>\n<li style=\"text-align: justify;\"><a href=\"https:\/\/vidalmovement.ch\/de\/download\/\">Download der Vidalmovement App<\/a><\/li>\n<li style=\"text-align: justify;\">Ein Konto erstellen<\/li>\n<li style=\"text-align: justify;\">Die Anmeldung bezahlen<\/li>\n<li style=\"text-align: justify;\">Befolgen Sie die Anweisungen des Koordinations- und Mobilit\u00e4tsprogramms.<\/li>\n<li style=\"text-align: justify;\">TWINT : <strong>+41 79 609 33 76<\/strong><\/li>\n<li style=\"text-align: justify;\"><span style=\"font-size: 16px; text-align: left;\">Bankverbindung :<\/span><\/li>\n<\/ul>\n<h2 style=\"text-align: left;\"><span style=\"font-size: 14px;\"><strong>Diego Vidal<br \/>Banque Raiffeisen Saxon<br \/>CH75 8057 1000 0145 9853 1<br \/>Route de la Tsatonire 32<br \/>1965 Savi\u00e8se<\/strong><\/span><\/h2>\n<p>[\/et_pb_text][\/et_pb_column][et_pb_column type=&#8221;1_4&#8243; _builder_version=&#8221;4.16&#8243; _module_preset=&#8221;default&#8221; global_colors_info=&#8221;{}&#8221;][et_pb_text _builder_version=&#8221;4.17.4&#8243; _module_preset=&#8221;default&#8221; text_line_height=&#8221;1em&#8221; hover_enabled=&#8221;0&#8243; global_colors_info=&#8221;{}&#8221; sticky_enabled=&#8221;0&#8243;]<\/p>\n<h2 style=\"text-align: center;\"><strong>PARTNERS<\/strong><\/h2>\n<p>&nbsp;<\/p>\n<ul>\n<li><strong><strong>INTERSPORT SIERRE<\/strong><\/strong><a href=\"https:\/\/www.intersportsierre.ch\/fr\/Bienvenue\"><img loading=\"lazy\" decoding=\"async\" class=\"wp-image-1103 aligncenter\" src=\"https:\/\/vidalmovement.ch\/wp-content\/uploads\/2022\/07\/Intersport-Sierre_SocialMedia.jpg\" alt=\"Intersport\" width=\"120\" height=\"120\"><\/a>\n<ul>\n<li>1 Gutschein pro Monat zu gewinnen<\/li>\n<li>20% Rabatt f\u00fcr alle Teilnehmer<\/li>\n<\/ul>\n<\/li>\n<\/ul>\n<ul>\n<li><strong>REALFLY<a href=\"https:\/\/realfly.ch\/fr\/\"><img loading=\"lazy\" decoding=\"async\" class=\"wp-image-1099 aligncenter\" src=\"https:\/\/vidalmovement.ch\/wp-content\/uploads\/2022\/07\/RealFly-Logo-RVB-scaled.jpg\" alt=\"\" width=\"237\" height=\"127\"><\/a><\/strong>\n<ul>\n<li>1 Gutschein pro Monat zu gewinnen<\/li>\n<\/ul>\n<\/li>\n<\/ul>\n<p>&nbsp;<\/p>\n<p>[\/et_pb_text][\/et_pb_column][\/et_pb_row][et_pb_row column_structure=&#8221;1_3,1_3,1_3&#8243; use_custom_gutter=&#8221;on&#8221; gutter_width=&#8221;1&#8243; make_equal=&#8221;on&#8221; _builder_version=&#8221;4.17.4&#8243; background_color=&#8221;#FFFFFF&#8221; custom_margin=&#8221;|auto|-30px|auto||&#8221; locked=&#8221;off&#8221; global_colors_info=&#8221;{}&#8221;][et_pb_column type=&#8221;1_3&#8243; _builder_version=&#8221;4.16&#8243; global_colors_info=&#8221;{}&#8221;][et_pb_cta title=&#8221;MOBILIT\u00c4T&#8221; button_url=&#8221;https:\/\/vidalmovement.ch\/de\/download\/&#8221; url_new_window=&#8221;on&#8221; button_text=&#8221;Kaufen&#8221; button_text_tablet=&#8221;@ET-DC@eyJkeW5hbWljIjp0cnVlLCJjb250ZW50IjoicG9zdF9saW5rIiwic2V0dGluZ3MiOnsiYmVmb3JlIjoiIiwiYWZ0ZXIiOiIiLCJ0ZXh0IjoicG9zdF90aXRsZSIsImN1c3RvbV90ZXh0IjoiIn19@&#8221; button_text_phone=&#8221;@ET-DC@eyJkeW5hbWljIjp0cnVlLCJjb250ZW50IjoicG9zdF9saW5rIiwic2V0dGluZ3MiOnsiYmVmb3JlIjoiIiwiYWZ0ZXIiOiIiLCJ0ZXh0IjoicG9zdF90aXRsZSIsImN1c3RvbV90ZXh0IjoiIn19@&#8221; button_text_last_edited=&#8221;off|desktop&#8221; content_last_edited=&#8221;off|desktop&#8221; _builder_version=&#8221;4.17.4&#8243; background_color=&#8221;#FFFFFF&#8221; background_layout=&#8221;light&#8221; border_width_all=&#8221;1px&#8221; border_color_all=&#8221;#fcbf06&#8243; global_colors_info=&#8221;{}&#8221;]<\/p>\n<p><span style=\"color: #000000;\">Kursdauer: 1 Monat<\/span><\/p>\n<p><span style=\"color: #000000;\">45 CHF<\/span><\/p>\n<p>[\/et_pb_cta][et_pb_cta title=&#8221;MOBILIT\u00c4T&#8221; button_url=&#8221;https:\/\/vidalmovement.ch\/de\/download\/&#8221; url_new_window=&#8221;on&#8221; button_text=&#8221;Kaufen&#8221; _builder_version=&#8221;4.17.4&#8243; background_color=&#8221;#FFFFFF&#8221; background_layout=&#8221;light&#8221; border_width_all=&#8221;1px&#8221; border_color_all=&#8221;#fcbf06&#8243; global_colors_info=&#8221;{}&#8221;]<\/p>\n<p><span style=\"color: #000000;\">Kursdauer: 2 Monate<\/span><\/p>\n<p><span style=\"color: #000000;\">80 CHF<\/span><\/p>\n<p>[\/et_pb_cta][et_pb_cta title=&#8221;MOBILIT\u00c4T&#8221; button_url=&#8221;https:\/\/vidalmovement.ch\/de\/download\/&#8221; url_new_window=&#8221;on&#8221; button_text=&#8221;Kaufen&#8221; _builder_version=&#8221;4.17.4&#8243; background_color=&#8221;#FFFFFF&#8221; background_layout=&#8221;light&#8221; border_width_all=&#8221;1px&#8221; border_color_all=&#8221;#fcbf06&#8243; global_colors_info=&#8221;{}&#8221;]<\/p>\n<p><span style=\"color: #000000;\">Kursdauer: 3 Monate<\/span><\/p>\n<p><span style=\"color: #000000;\">110 CHF<\/span><\/p>\n<p>[\/et_pb_cta][\/et_pb_column][et_pb_column type=&#8221;1_3&#8243; _builder_version=&#8221;4.16&#8243; global_colors_info=&#8221;{}&#8221;][et_pb_cta title=&#8221;KOORDINATION&#8221; button_url=&#8221;https:\/\/vidalmovement.ch\/de\/download\/&#8221; url_new_window=&#8221;on&#8221; button_text=&#8221;Kaufen&#8221; _builder_version=&#8221;4.17.4&#8243; background_color=&#8221;#FFFFFF&#8221; background_layout=&#8221;light&#8221; border_width_all=&#8221;1px&#8221; border_color_all=&#8221;#fcbf06&#8243; global_colors_info=&#8221;{}&#8221;]<\/p>\n<p><span style=\"color: #000000;\">Kursdauer: 1 Monat<\/span><\/p>\n<p><span style=\"color: #000000;\">45 CHF<\/span><\/p>\n<p>[\/et_pb_cta][et_pb_cta title=&#8221;KOORDINATION&#8221; button_url=&#8221;https:\/\/vidalmovement.ch\/de\/download\/&#8221; url_new_window=&#8221;on&#8221; button_text=&#8221;Kaufen&#8221; _builder_version=&#8221;4.17.4&#8243; background_color=&#8221;#FFFFFF&#8221; background_layout=&#8221;light&#8221; border_width_all=&#8221;1px&#8221; border_color_all=&#8221;#fcbf06&#8243; global_colors_info=&#8221;{}&#8221;]<\/p>\n<p><span style=\"color: #000000;\">Kursdauer: 2 Monate<\/span><\/p>\n<p><span style=\"color: #000000;\">80 CHF<\/span><\/p>\n<p>[\/et_pb_cta][et_pb_cta title=&#8221;KOORDINATION&#8221; button_url=&#8221;https:\/\/vidalmovement.ch\/de\/download\/&#8221; url_new_window=&#8221;on&#8221; button_text=&#8221;Kaufen&#8221; _builder_version=&#8221;4.17.4&#8243; background_color=&#8221;#FFFFFF&#8221; background_layout=&#8221;light&#8221; border_width_all=&#8221;1px&#8221; border_color_all=&#8221;#fcbf06&#8243; global_colors_info=&#8221;{}&#8221;]<\/p>\n<p><span style=\"color: #000000;\">Kursdauer: 3 Monate<\/span><\/p>\n<p><span style=\"color: #000000;\">110 CHF<\/span><\/p>\n<p>[\/et_pb_cta][\/et_pb_column][et_pb_column type=&#8221;1_3&#8243; _builder_version=&#8221;4.16&#8243; global_colors_info=&#8221;{}&#8221;][et_pb_cta title=&#8221;KOORDINATION + MOBILIT\u00c4T&#8221; button_url=&#8221;https:\/\/vidalmovement.ch\/de\/download\/&#8221; url_new_window=&#8221;on&#8221; button_text=&#8221;Kaufen&#8221; _builder_version=&#8221;4.17.4&#8243; header_level=&#8221;h3&#8243; header_font=&#8221;||on||||||&#8221; header_font_size=&#8221;22px&#8221; background_color=&#8221;#FFFFFF&#8221; background_layout=&#8221;light&#8221; border_width_all=&#8221;1px&#8221; border_color_all=&#8221;#fcbf06&#8243; global_colors_info=&#8221;{}&#8221;]<\/p>\n<p><span style=\"color: #000000;\">Kursdauer: 1 Monat<\/span><\/p>\n<p><span style=\"color: #000000;\">79 CHF<\/span><\/p>\n<p>[\/et_pb_cta][et_pb_cta title=&#8221;KOORDINATION + MOBILIT\u00c4T&#8221; button_url=&#8221;https:\/\/vidalmovement.ch\/de\/download\/&#8221; url_new_window=&#8221;on&#8221; button_text=&#8221;Kaufen&#8221; _builder_version=&#8221;4.17.4&#8243; header_level=&#8221;h3&#8243; header_font_size=&#8221;21px&#8221; background_color=&#8221;#FFFFFF&#8221; background_layout=&#8221;light&#8221; min_height=&#8221;238px&#8221; border_width_all=&#8221;1px&#8221; border_color_all=&#8221;#fcbf06&#8243; global_colors_info=&#8221;{}&#8221;]<\/p>\n<p><span style=\"color: #000000;\">Kursdauer: 2 Monate<\/span><\/p>\n<p><span style=\"color: #000000;\">149 CHF<\/span><\/p>\n<p>[\/et_pb_cta][et_pb_cta title=&#8221;KOORDINATION + MOBILIT\u00c4T&#8221; button_url=&#8221;https:\/\/vidalmovement.ch\/de\/download\/&#8221; url_new_window=&#8221;on&#8221; button_text=&#8221;Kaufen&#8221; _builder_version=&#8221;4.17.4&#8243; header_level=&#8221;h3&#8243; header_font_size=&#8221;21px&#8221; background_color=&#8221;#FFFFFF&#8221; background_layout=&#8221;light&#8221; min_height=&#8221;246px&#8221; custom_padding=&#8221;||35px|||&#8221; border_width_all=&#8221;1px&#8221; border_color_all=&#8221;#fcbf06&#8243; global_colors_info=&#8221;{}&#8221;]<\/p>\n<p><span style=\"color: #000000;\">Kursdauer: 3 Monate<\/span><\/p>\n<p><span style=\"color: #000000;\">199 CHF<\/span><\/p>\n<p>[\/et_pb_cta][\/et_pb_column][\/et_pb_row][\/et_pb_section]<\/p>\n","protected":false},"excerpt":{"rendered":"<p>KOORDINIERUNGSPROGRAMM + MOBILIT\u00c4T PROZESS Arbeiten Sie an den koordinativen F\u00e4higkeiten und der Mobilit\u00e4t mit: &nbsp; Ein Privatcoach Pers\u00f6nliche Betreuung Eine mobile App Eine Entwicklung der \u00dcbungen Personalisierte Korrekturen (\u00fcber Videos) Ein spielerischer Weg VORTEILE &nbsp; Nicht die Zeit, die bei den Trainings zur Verf\u00fcgung steht Defizite bei den Koordinationsf\u00e4higkeiten beheben Verbesserung der mangelnden Beweglichkeit von [&hellip;]<\/p>\n","protected":false},"author":2,"featured_media":0,"parent":0,"menu_order":0,"comment_status":"closed","ping_status":"closed","template":"","meta":{"_et_pb_use_builder":"on","_et_pb_old_content":"","_et_gb_content_width":"","footnotes":""},"class_list":["post-874","page","type-page","status-publish","hentry"],"_links":{"self":[{"href":"https:\/\/vidalmovement.ch\/de\/wp-json\/wp\/v2\/pages\/874","targetHints":{"allow":["GET"]}}],"collection":[{"href":"https:\/\/vidalmovement.ch\/de\/wp-json\/wp\/v2\/pages"}],"about":[{"href":"https:\/\/vidalmovement.ch\/de\/wp-json\/wp\/v2\/types\/page"}],"author":[{"embeddable":true,"href":"https:\/\/vidalmovement.ch\/de\/wp-json\/wp\/v2\/users\/2"}],"replies":[{"embeddable":true,"href":"https:\/\/vidalmovement.ch\/de\/wp-json\/wp\/v2\/comments?post=874"}],"version-history":[{"count":5,"href":"https:\/\/vidalmovement.ch\/de\/wp-json\/wp\/v2\/pages\/874\/revisions"}],"predecessor-version":[{"id":1116,"href":"https:\/\/vidalmovement.ch\/de\/wp-json\/wp\/v2\/pages\/874\/revisions\/1116"}],"wp:attachment":[{"href":"https:\/\/vidalmovement.ch\/de\/wp-json\/wp\/v2\/media?parent=874"}],"curies":[{"name":"wp","href":"https:\/\/api.w.org\/{rel}","templated":true}]}}