{"id":868,"date":"2020-06-08T09:32:35","date_gmt":"2020-06-08T07:32:35","guid":{"rendered":"https:\/\/vidalmovement.ch\/faq\/"},"modified":"2022-04-02T00:15:15","modified_gmt":"2022-04-01T22:15:15","slug":"faq","status":"publish","type":"page","link":"https:\/\/vidalmovement.ch\/de\/faq\/","title":{"rendered":"FAQ"},"content":{"rendered":"<p>[et_pb_section fb_built=&#8221;1&#8243; _builder_version=&#8221;4.4.7&#8243; global_colors_info=&#8221;{}&#8221;][et_pb_row _builder_version=&#8221;4.4.7&#8243; global_colors_info=&#8221;{}&#8221;][et_pb_column type=&#8221;4_4&#8243; _builder_version=&#8221;4.4.7&#8243; global_colors_info=&#8221;{}&#8221;][et_pb_text _builder_version=&#8221;4.4.7&#8243; header_font=&#8221;|800|||||||&#8221; header_text_align=&#8221;center&#8221; global_colors_info=&#8221;{}&#8221;]<\/p>\n<h1>H\u00c4UFIG GESTELLTE FRAGEN<\/h1>\n<p>[\/et_pb_text][\/et_pb_column][\/et_pb_row][et_pb_row _builder_version=&#8221;4.4.7&#8243; global_colors_info=&#8221;{}&#8221;][et_pb_column type=&#8221;4_4&#8243; _builder_version=&#8221;4.4.7&#8243; global_colors_info=&#8221;{}&#8221;][et_pb_toggle title=&#8221;Welches Sprachniveau muss ich haben, um am Unterricht teilnehmen zu k\u00f6nnen?&#8221; closed_toggle_text_color=&#8221;#fcbf06&#8243; closed_toggle_background_color=&#8221;#000000&#8243; icon_color=&#8221;#fcbf06&#8243; use_icon_font_size=&#8221;on&#8221; icon_font_size=&#8221;21px&#8221; _builder_version=&#8221;4.4.7&#8243; body_text_color=&#8221;#12100b&#8221; animation_style=&#8221;slide&#8221; animation_direction=&#8221;bottom&#8221; animation_duration=&#8221;550ms&#8221; border_color_all=&#8221;#12100b&#8221; box_shadow_style=&#8221;preset1&#8243; global_colors_info=&#8221;{}&#8221;]<\/p>\n<p>Ich passe die \u00dcbungen an die jeweilige Person an.<\/p>\n<p>Der j\u00fcngste Sch\u00fcler ist 10 Jahre alt und der \u00e4lteste 73 Jahre!!!<\/p>\n<p>[\/et_pb_toggle][et_pb_toggle title=&#8221;Kann ich zum Testen eines Kurses kommen?&#8221; closed_toggle_text_color=&#8221;#fcbf06&#8243; closed_toggle_background_color=&#8221;#000000&#8243; icon_color=&#8221;#fcbf06&#8243; use_icon_font_size=&#8221;on&#8221; icon_font_size=&#8221;21px&#8221; _builder_version=&#8221;4.4.7&#8243; body_text_color=&#8221;#12100b&#8221; animation_style=&#8221;slide&#8221; animation_direction=&#8221;bottom&#8221; animation_duration=&#8221;550ms&#8221; border_color_all=&#8221;#12100b&#8221; box_shadow_style=&#8221;preset1&#8243; global_colors_info=&#8221;{}&#8221;]<\/p>\n<p>Gerne und v\u00f6llig unverbindlich und kostenlos!!!<\/p>\n<p>[\/et_pb_toggle][et_pb_toggle title=&#8221;Sind die \u00dcbungen abwechslungsreich?&#8221; closed_toggle_text_color=&#8221;#fcbf06&#8243; closed_toggle_background_color=&#8221;#000000&#8243; icon_color=&#8221;#fcbf06&#8243; use_icon_font_size=&#8221;on&#8221; icon_font_size=&#8221;21px&#8221; _builder_version=&#8221;4.4.7&#8243; body_text_color=&#8221;#12100b&#8221; animation_style=&#8221;slide&#8221; animation_direction=&#8221;bottom&#8221; animation_duration=&#8221;550ms&#8221; border_color_all=&#8221;#12100b&#8221; box_shadow_style=&#8221;preset1&#8243; global_colors_info=&#8221;{}&#8221;]<\/p>\n<p>Ja, und sie entwickeln sich mit den Fortschritten jedes Einzelnen. Es macht keinen Sinn, tausend Liegest\u00fctze zu schaffen. Wir werden versuchen, jede \u00dcbung zu erschweren und sie mit Ihnen weiterzuentwickeln.<\/p>\n<p>[\/et_pb_toggle][et_pb_toggle title=&#8221;Gibt es viel Material, um die \u00dcbungen durchzuf\u00fchren?&#8221; closed_toggle_text_color=&#8221;#fcbf06&#8243; closed_toggle_background_color=&#8221;#000000&#8243; icon_color=&#8221;#fcbf06&#8243; use_icon_font_size=&#8221;on&#8221; icon_font_size=&#8221;21px&#8221; _builder_version=&#8221;4.4.7&#8243; body_text_color=&#8221;#12100b&#8221; animation_style=&#8221;slide&#8221; animation_direction=&#8221;bottom&#8221; animation_duration=&#8221;550ms&#8221; border_color_all=&#8221;#12100b&#8221; box_shadow_style=&#8221;preset1&#8243; global_colors_info=&#8221;{}&#8221;]<\/p>\n<p>Nein, das Hauptmaterial ist Ihr K\u00f6rper!!!<\/p>\n<p>[\/et_pb_toggle][et_pb_toggle title=&#8221;Sind andere Zeitpl\u00e4ne verf\u00fcgbar?&#8221; closed_toggle_text_color=&#8221;#fcbf06&#8243; closed_toggle_background_color=&#8221;#000000&#8243; icon_color=&#8221;#fcbf06&#8243; use_icon_font_size=&#8221;on&#8221; icon_font_size=&#8221;21px&#8221; _builder_version=&#8221;4.4.7&#8243; body_text_color=&#8221;#12100b&#8221; animation_style=&#8221;slide&#8221; animation_direction=&#8221;bottom&#8221; animation_duration=&#8221;550ms&#8221; border_color_all=&#8221;#12100b&#8221; box_shadow_style=&#8221;preset1&#8243; global_colors_info=&#8221;{}&#8221;]<\/p>\n<p>Ja, Sie m\u00fcssen nur bei mir anfragen und wir finden einen passenden Termin.<\/p>\n<p>[\/et_pb_toggle][et_pb_toggle title=&#8221;Wie kann ich mich f\u00fcr Kurse anmelden?&#8221; closed_toggle_text_color=&#8221;#fcbf06&#8243; closed_toggle_background_color=&#8221;#000000&#8243; icon_color=&#8221;#fcbf06&#8243; use_icon_font_size=&#8221;on&#8221; icon_font_size=&#8221;21px&#8221; _builder_version=&#8221;4.4.7&#8243; body_text_color=&#8221;#12100b&#8221; animation_style=&#8221;slide&#8221; animation_direction=&#8221;bottom&#8221; animation_duration=&#8221;550ms&#8221; border_color_all=&#8221;#12100b&#8221; box_shadow_style=&#8221;preset1&#8243; global_colors_info=&#8221;{}&#8221;]<\/p>\n<p>Entweder \u00fcber die Website, die Smartphone-App oder indem du mich auf meinem Mobiltelefon kontaktierst.<\/p>\n<p>[\/et_pb_toggle][et_pb_toggle title=&#8221;Kann man nach dem Unterricht duschen?&#8221; closed_toggle_text_color=&#8221;#fcbf06&#8243; closed_toggle_background_color=&#8221;#000000&#8243; icon_color=&#8221;#fcbf06&#8243; use_icon_font_size=&#8221;on&#8221; icon_font_size=&#8221;21px&#8221; _builder_version=&#8221;4.4.7&#8243; body_text_color=&#8221;#12100b&#8221; animation_style=&#8221;slide&#8221; animation_direction=&#8221;bottom&#8221; animation_duration=&#8221;550ms&#8221; border_color_all=&#8221;#12100b&#8221; box_shadow_style=&#8221;preset1&#8243; global_colors_info=&#8221;{}&#8221;]<\/p>\n<p>Ja, es steht eine Dusche zur Verf\u00fcgung.<\/p>\n<p>[\/et_pb_toggle][et_pb_toggle title=&#8221;Ist es ein Fitnessstudio?&#8221; closed_toggle_text_color=&#8221;#fcbf06&#8243; closed_toggle_background_color=&#8221;#000000&#8243; icon_color=&#8221;#fcbf06&#8243; use_icon_font_size=&#8221;on&#8221; icon_font_size=&#8221;21px&#8221; _builder_version=&#8221;4.4.7&#8243; body_text_color=&#8221;#12100b&#8221; animation_style=&#8221;slide&#8221; animation_direction=&#8221;bottom&#8221; animation_duration=&#8221;550ms&#8221; border_color_all=&#8221;#12100b&#8221; box_shadow_style=&#8221;preset1&#8243; global_colors_info=&#8221;{}&#8221;]<\/p>\n<p>Nein, ganz und gar nicht!!! Es gibt keine Maschinen, die Maschine sind Sie \ud83d\ude09<\/p>\n<p>[\/et_pb_toggle][\/et_pb_column][\/et_pb_row][\/et_pb_section]<\/p>\n","protected":false},"excerpt":{"rendered":"<p>H\u00c4UFIG GESTELLTE FRAGENIch passe die \u00dcbungen an die jeweilige Person an. Der j\u00fcngste Sch\u00fcler ist 10 Jahre alt und der \u00e4lteste 73 Jahre!!!Gerne und v\u00f6llig unverbindlich und kostenlos!!!Ja, und sie entwickeln sich mit den Fortschritten jedes Einzelnen. Es macht keinen Sinn, tausend Liegest\u00fctze zu schaffen. Wir werden versuchen, jede \u00dcbung zu erschweren und sie mit [&hellip;]<\/p>\n","protected":false},"author":2,"featured_media":0,"parent":0,"menu_order":0,"comment_status":"closed","ping_status":"closed","template":"","meta":{"_et_pb_use_builder":"on","_et_pb_old_content":"","_et_gb_content_width":"","footnotes":""},"class_list":["post-868","page","type-page","status-publish","hentry"],"_links":{"self":[{"href":"https:\/\/vidalmovement.ch\/de\/wp-json\/wp\/v2\/pages\/868","targetHints":{"allow":["GET"]}}],"collection":[{"href":"https:\/\/vidalmovement.ch\/de\/wp-json\/wp\/v2\/pages"}],"about":[{"href":"https:\/\/vidalmovement.ch\/de\/wp-json\/wp\/v2\/types\/page"}],"author":[{"embeddable":true,"href":"https:\/\/vidalmovement.ch\/de\/wp-json\/wp\/v2\/users\/2"}],"replies":[{"embeddable":true,"href":"https:\/\/vidalmovement.ch\/de\/wp-json\/wp\/v2\/comments?post=868"}],"version-history":[{"count":2,"href":"https:\/\/vidalmovement.ch\/de\/wp-json\/wp\/v2\/pages\/868\/revisions"}],"predecessor-version":[{"id":870,"href":"https:\/\/vidalmovement.ch\/de\/wp-json\/wp\/v2\/pages\/868\/revisions\/870"}],"wp:attachment":[{"href":"https:\/\/vidalmovement.ch\/de\/wp-json\/wp\/v2\/media?parent=868"}],"curies":[{"name":"wp","href":"https:\/\/api.w.org\/{rel}","templated":true}]}}