{"id":856,"date":"2021-05-28T16:47:39","date_gmt":"2021-05-28T14:47:39","guid":{"rendered":"https:\/\/vidalmovement.ch\/rueckenchallenge\/"},"modified":"2022-04-02T00:55:43","modified_gmt":"2022-04-01T22:55:43","slug":"rueckenchallenge","status":"publish","type":"page","link":"https:\/\/vidalmovement.ch\/de\/rueckenchallenge\/","title":{"rendered":"Mobile App"},"content":{"rendered":"<p>[et_pb_section fb_built=&#8221;1&#8243; _builder_version=&#8221;4.9.4&#8243; _module_preset=&#8221;default&#8221; custom_padding=&#8221;||101px|||&#8221; global_colors_info=&#8221;{}&#8221;][et_pb_row _builder_version=&#8221;4.9.4&#8243; _module_preset=&#8221;default&#8221; min_height=&#8221;14px&#8221; custom_margin=&#8221;0px|auto|4px|auto||&#8221; custom_padding=&#8221;21px||61px|||&#8221; global_colors_info=&#8221;{}&#8221;][et_pb_column type=&#8221;4_4&#8243; _builder_version=&#8221;4.9.4&#8243; _module_preset=&#8221;default&#8221; global_colors_info=&#8221;{}&#8221;][et_pb_text _builder_version=&#8221;4.9.4&#8243; _module_preset=&#8221;default&#8221; min_height=&#8221;138px&#8221; custom_margin=&#8221;-86px||-77px|||&#8221; custom_padding=&#8221;91px||2px|||&#8221; text_text_shadow_style=&#8221;preset1&#8243; global_colors_info=&#8221;{}&#8221;]<\/p>\n<h1 style=\"text-align: center;\">R\u00dcCKENCHALLENGE<\/h1>\n<p>[\/et_pb_text][\/et_pb_column][\/et_pb_row][\/et_pb_section][et_pb_section fb_built=&#8221;1&#8243; _builder_version=&#8221;4.9.4&#8243; min_height=&#8221;1174px&#8221; custom_padding=&#8221;||50px||false|false&#8221; global_colors_info=&#8221;{}&#8221;][et_pb_row _builder_version=&#8221;4.9.10&#8243; _module_preset=&#8221;default&#8221; width=&#8221;69.1%&#8221; min_height=&#8221;254.5px&#8221; custom_margin=&#8221;-172px|auto|-98px|auto||&#8221; custom_padding=&#8221;||22px|||&#8221; border_style_all=&#8221;none&#8221; global_colors_info=&#8221;{}&#8221;][et_pb_column type=&#8221;4_4&#8243; _builder_version=&#8221;4.9.4&#8243; _module_preset=&#8221;default&#8221; global_colors_info=&#8221;{}&#8221;][et_pb_image src=&#8221;https:\/\/vidalmovement.ch\/wp-content\/uploads\/2021\/05\/Challenge-du-dos-facebook.png&#8221; alt=&#8221;R\u00fcckenchallenge&#8221; title_text=&#8221;R\u00fcckenchallenge facebook&#8221; _builder_version=&#8221;4.9.10&#8243; _module_preset=&#8221;default&#8221; width=&#8221;70%&#8221; max_width=&#8221;70%&#8221; module_alignment=&#8221;center&#8221; min_height=&#8221;45px&#8221; custom_margin=&#8221;1px||0px|||&#8221; custom_padding=&#8221;0px|6px|0px|||&#8221; global_colors_info=&#8221;{}&#8221;][\/et_pb_image][\/et_pb_column][\/et_pb_row][et_pb_row _builder_version=&#8221;4.9.10&#8243; _module_preset=&#8221;default&#8221; global_colors_info=&#8221;{}&#8221;][et_pb_column type=&#8221;4_4&#8243; _builder_version=&#8221;4.9.10&#8243; _module_preset=&#8221;default&#8221; global_colors_info=&#8221;{}&#8221;][et_pb_text _builder_version=&#8221;4.9.10&#8243; _module_preset=&#8221;default&#8221; text_font=&#8221;|||||on|||&#8221; text_text_color=&#8221;#FCBF06&#8243; header_3_text_color=&#8221;#000000&#8243; min_height=&#8221;39px&#8221; custom_margin=&#8221;35px|||||&#8221; custom_padding=&#8221;||0px|||&#8221; animation_style=&#8221;zoom&#8221; text_text_shadow_style=&#8221;preset4&#8243; global_colors_info=&#8221;{}&#8221;]<\/p>\n<h2><span style=\"font-size: 20px;\">Daten der n\u00e4chsten Challenges<\/span><\/h2>\n<p>[\/et_pb_text][et_pb_text _builder_version=&#8221;4.14.8&#8243; _module_preset=&#8221;default&#8221; text_text_color=&#8221;#FCBF06&#8243; animation_style=&#8221;zoom&#8221; global_colors_info=&#8221;{}&#8221;]<\/p>\n<p style=\"text-align: center;\"><span style=\"font-size: 20px;\"><strong>15 M\u00e4rz 2022 &#8211; <\/strong><strong>1 April 2022 <\/strong> <\/span><\/p>\n<p style=\"text-align: center;\"><span style=\"font-size: 20px;\"><strong>Nehmen Sie sich selbst in die Hand <\/strong><\/span><\/p>\n<p>&nbsp;<\/p>\n<p>[\/et_pb_text][\/et_pb_column][\/et_pb_row][et_pb_row column_structure=&#8221;1_4,1_4,1_4,1_4&#8243; _builder_version=&#8221;4.9.7&#8243; _module_preset=&#8221;default&#8221; min_height=&#8221;370px&#8221; custom_margin=&#8221;-1px|auto|-26px|auto||&#8221; custom_padding=&#8221;0px||0px|4px||&#8221; global_colors_info=&#8221;{}&#8221;][et_pb_column type=&#8221;1_4&#8243; _builder_version=&#8221;4.9.4&#8243; _module_preset=&#8221;default&#8221; global_colors_info=&#8221;{}&#8221;][et_pb_text _builder_version=&#8221;4.9.4&#8243; _module_preset=&#8221;default&#8221; width=&#8221;100%&#8221; global_colors_info=&#8221;{}&#8221;]<\/p>\n<h2 style=\"text-align: center;\"><strong>PROZESS<\/strong><\/h2>\n<h6> <\/h6>\n<p>Dauer der Challenge: <strong>30 Tage<\/strong><\/p>\n<p>Dauer pro Tag: <strong>5 Minuten<\/strong> <\/p>\n<p>\u00dcbungen :<\/p>\n<ul>\n<li>In Ihren Alltag zu integrieren<\/li>\n<li>Erkl\u00e4rende Videos<\/li>\n<li>M\u00f6glichkeit, durch Einsenden Ihrer Videos korrigiert zu werden<\/li>\n<li>Professionelle, individuelle und t\u00e4gliche Betreuung<\/li>\n<\/ul>\n<p>&nbsp;<\/p>\n<p>[\/et_pb_text][\/et_pb_column][et_pb_column type=&#8221;1_4&#8243; _builder_version=&#8221;4.9.4&#8243; _module_preset=&#8221;default&#8221; global_colors_info=&#8221;{}&#8221;][et_pb_text _builder_version=&#8221;4.9.4&#8243; _module_preset=&#8221;default&#8221; global_colors_info=&#8221;{}&#8221;]<\/p>\n<h2 style=\"text-align: center;\"><strong>VORTEILE<\/strong><\/h2>\n<p>&nbsp;<\/p>\n<ul>\n<li>Weniger Schmerzen im Alltag<\/li>\n<li>St\u00e4rkung der R\u00fcckenmuskulatur<\/li>\n<li>Verbesserung der Beweglichkeit Ihres K\u00f6rpers<\/li>\n<li>Schaffung neuer Lebensgewohnheiten<\/li>\n<li>Wellness f\u00fcr den Geist<\/li>\n<li>Betreuung \u00fcber die mobile App mit jederzeitigem Zugriff auf die \u00dcbungen<\/li>\n<\/ul>\n<p>[\/et_pb_text][\/et_pb_column][et_pb_column type=&#8221;1_4&#8243; _builder_version=&#8221;4.9.4&#8243; _module_preset=&#8221;default&#8221; global_colors_info=&#8221;{}&#8221;][et_pb_text _builder_version=&#8221;4.9.4&#8243; _module_preset=&#8221;default&#8221; global_colors_info=&#8221;{}&#8221;]<\/p>\n<h2 style=\"text-align: center;\"><strong>ANMELDUNG<\/strong><\/h2>\n<p>&nbsp;<\/p>\n<ul>\n<li><a href=\"https:\/\/vidalmovement.ch\/de\/download\/\">Download der Vidalmovement App <\/a><\/li>\n<li>Ein Konto erstellen<\/li>\n<li>Die Anmeldung bezahlen<\/li>\n<li>Folgen Sie den Anweisungen der R\u00fcckenchallenge<\/li>\n<\/ul>\n<p>[\/et_pb_text][\/et_pb_column][et_pb_column type=&#8221;1_4&#8243; _builder_version=&#8221;4.9.4&#8243; _module_preset=&#8221;default&#8221; global_colors_info=&#8221;{}&#8221;][et_pb_text _builder_version=&#8221;4.14.8&#8243; _module_preset=&#8221;default&#8221; hover_enabled=&#8221;0&#8243; global_colors_info=&#8221;{}&#8221; sticky_enabled=&#8221;0&#8243;]<\/p>\n<h2 style=\"text-align: center;\"><strong>PREISE<\/strong><\/h2>\n<h6> <\/h6>\n<ul>\n<li style=\"text-align: left;\"><span style=\"font-size: 16px;\"><strong>PREISE : 59.-<\/strong><\/span><\/li>\n<\/ul>\n<p>&nbsp;<\/p>\n<ul>\n<li>TWINT : <strong>+41 79 609 33 76<\/strong><\/li>\n<li>Bankverbindung :<\/li>\n<\/ul>\n<p><strong>Diego Vidal<\/strong><br \/><strong>Banque Raiffeisen Saxon<\/strong><br \/><strong>CH75 8057 1000 0145 9853 1<\/strong><br \/><strong>Route de la Tsatonire 32<\/strong><br \/><strong>1965 Savi\u00e8se<\/strong><\/p>\n<p>[\/et_pb_text][\/et_pb_column][\/et_pb_row][\/et_pb_section]<\/p>\n","protected":false},"excerpt":{"rendered":"<p>R\u00dcCKENCHALLENGEDaten der n\u00e4chsten Challenges15 M\u00e4rz 2022 &#8211; 1 April 2022 Nehmen Sie sich selbst in die Hand &nbsp;PROZESS Dauer der Challenge: 30 Tage Dauer pro Tag: 5 Minuten \u00dcbungen : In Ihren Alltag zu integrieren Erkl\u00e4rende Videos M\u00f6glichkeit, durch Einsenden Ihrer Videos korrigiert zu werden Professionelle, individuelle und t\u00e4gliche Betreuung &nbsp;VORTEILE &nbsp; Weniger Schmerzen im [&hellip;]<\/p>\n","protected":false},"author":2,"featured_media":0,"parent":0,"menu_order":0,"comment_status":"closed","ping_status":"closed","template":"","meta":{"_et_pb_use_builder":"on","_et_pb_old_content":"","_et_gb_content_width":"","footnotes":""},"class_list":["post-856","page","type-page","status-publish","hentry"],"_links":{"self":[{"href":"https:\/\/vidalmovement.ch\/de\/wp-json\/wp\/v2\/pages\/856","targetHints":{"allow":["GET"]}}],"collection":[{"href":"https:\/\/vidalmovement.ch\/de\/wp-json\/wp\/v2\/pages"}],"about":[{"href":"https:\/\/vidalmovement.ch\/de\/wp-json\/wp\/v2\/types\/page"}],"author":[{"embeddable":true,"href":"https:\/\/vidalmovement.ch\/de\/wp-json\/wp\/v2\/users\/2"}],"replies":[{"embeddable":true,"href":"https:\/\/vidalmovement.ch\/de\/wp-json\/wp\/v2\/comments?post=856"}],"version-history":[{"count":5,"href":"https:\/\/vidalmovement.ch\/de\/wp-json\/wp\/v2\/pages\/856\/revisions"}],"predecessor-version":[{"id":915,"href":"https:\/\/vidalmovement.ch\/de\/wp-json\/wp\/v2\/pages\/856\/revisions\/915"}],"wp:attachment":[{"href":"https:\/\/vidalmovement.ch\/de\/wp-json\/wp\/v2\/media?parent=856"}],"curies":[{"name":"wp","href":"https:\/\/api.w.org\/{rel}","templated":true}]}}