{"id":850,"date":"2020-06-04T10:19:59","date_gmt":"2020-06-04T08:19:59","guid":{"rendered":"https:\/\/vidalmovement.ch\/ueber-mich\/"},"modified":"2022-05-23T23:15:25","modified_gmt":"2022-05-23T21:15:25","slug":"ueber-mich","status":"publish","type":"page","link":"https:\/\/vidalmovement.ch\/de\/ueber-mich\/","title":{"rendered":"\u00dcber mich"},"content":{"rendered":"<p>[et_pb_section fb_built=&#8221;1&#8243; _builder_version=&#8221;4.4.7&#8243; custom_padding=&#8221;||0px||false|false&#8221;][et_pb_row column_structure=&#8221;1_2,1_2&#8243; _builder_version=&#8221;4.4.7&#8243; custom_padding=&#8221;||0px||false|false&#8221;][et_pb_column type=&#8221;1_2&#8243; _builder_version=&#8221;4.4.7&#8243;][et_pb_image src=&#8221;https:\/\/vidalmovement.ch\/wp-content\/uploads\/2020\/06\/AP_5548b.jpg&#8221; title_text=&#8221;_AP_5548b&#8221; _builder_version=&#8221;4.4.7&#8243;][\/et_pb_image][\/et_pb_column][et_pb_column type=&#8221;1_2&#8243; _builder_version=&#8221;4.4.7&#8243;][et_pb_text _builder_version=&#8221;4.8.2&#8243; header_font=&#8221;|800|||||||&#8221; header_text_align=&#8221;center&#8221; custom_margin=&#8221;70px||||false|false&#8221; custom_margin_tablet=&#8221;30px||||false|false&#8221; custom_margin_phone=&#8221;&#8221; custom_margin_last_edited=&#8221;on|phone&#8221; hover_enabled=&#8221;0&#8243; admin_label=&#8221;Texte&#8221; sticky_enabled=&#8221;0&#8243;]<\/p>\n<h1 style=\"text-align: center;\"><span style=\"text-align: left;\">\u00dcber mich<\/span><\/h1>\n<h2 style=\"text-align: center;\"><span style=\"font-size: 16px; text-align: left; font-weight: 500;\"> <\/span><\/h2>\n<p style=\"text-align: justify;\">Ich habe an den <a href=\"www.unil.ch\">Universit\u00e4ten von Lausanne<\/a> und <a href=\"www.unifr.ch\">Freiburg<\/a> Sportwissenschaften studiert. Anschlie\u00dfend habe ich mich in den Methoden von MovNat, Fighting Monkey und auch Ido Portal weitergebildet, dessen Methode ich bei meinem Sportcoaching anwende.<\/p>\n<p style=\"text-align: justify;\">Ich arbeite als Sportlehrer in den Grundschulen der Stadt Sitten.<\/p>\n<p style=\"text-align: justify;\">Bei der Arbeit mit Klassen mit 20 oder mehr Sch\u00fclern habe ich festgestellt, dass es nicht immer m\u00f6glich ist, die k\u00f6rperlichen Schwierigkeiten einiger Sch\u00fcler auszugleichen. Daher kann ich mich beim Sportcoaching von Einzelpersonen oder kleinen Gruppen auf diesen Mangel und den individuellen Fortschritt konzentrieren. Mein Ziel ist es, den Menschen zu helfen, sich in ihrem K\u00f6rper sowie in ihrem Kopf wohlzuf\u00fchlen.<\/p>\n<p style=\"text-align: justify;\">Als Sporttrainerin beruht meine Philosophie darauf, auf W\u00fcnsche einzugehen und die \u00dcbungen an die Bed\u00fcrfnisse jedes Einzelnen anzupassen.<\/p>\n<p>[\/et_pb_text][\/et_pb_column][\/et_pb_row][\/et_pb_section]<\/p>\n","protected":false},"excerpt":{"rendered":"<p>[et_pb_section fb_built=&#8221;1&#8243; _builder_version=&#8221;4.4.7&#8243; custom_padding=&#8221;||0px||false|false&#8221;][et_pb_row column_structure=&#8221;1_2,1_2&#8243; _builder_version=&#8221;4.4.7&#8243; custom_padding=&#8221;||0px||false|false&#8221;][et_pb_column type=&#8221;1_2&#8243; _builder_version=&#8221;4.4.7&#8243;][et_pb_image src=&#8221;https:\/\/vidalmovement.ch\/wp-content\/uploads\/2020\/06\/AP_5548b.jpg&#8221; title_text=&#8221;_AP_5548b&#8221; _builder_version=&#8221;4.4.7&#8243;][\/et_pb_image][\/et_pb_column][et_pb_column type=&#8221;1_2&#8243; _builder_version=&#8221;4.4.7&#8243;][et_pb_text _builder_version=&#8221;4.8.2&#8243; header_font=&#8221;|800|||||||&#8221; header_text_align=&#8221;center&#8221; custom_margin=&#8221;70px||||false|false&#8221; custom_margin_tablet=&#8221;30px||||false|false&#8221; custom_margin_phone=&#8221;&#8221; custom_margin_last_edited=&#8221;on|phone&#8221; hover_enabled=&#8221;0&#8243; admin_label=&#8221;Texte&#8221; sticky_enabled=&#8221;0&#8243;] \u00dcber mich Ich habe an den Universit\u00e4ten von Lausanne und Freiburg Sportwissenschaften studiert. Anschlie\u00dfend habe ich mich in den Methoden von MovNat, Fighting Monkey und auch Ido Portal weitergebildet, dessen Methode [&hellip;]<\/p>\n","protected":false},"author":2,"featured_media":0,"parent":0,"menu_order":0,"comment_status":"closed","ping_status":"closed","template":"","meta":{"_et_pb_use_builder":"off","_et_pb_old_content":"","_et_gb_content_width":"","footnotes":""},"class_list":["post-850","page","type-page","status-publish","hentry"],"_links":{"self":[{"href":"https:\/\/vidalmovement.ch\/de\/wp-json\/wp\/v2\/pages\/850","targetHints":{"allow":["GET"]}}],"collection":[{"href":"https:\/\/vidalmovement.ch\/de\/wp-json\/wp\/v2\/pages"}],"about":[{"href":"https:\/\/vidalmovement.ch\/de\/wp-json\/wp\/v2\/types\/page"}],"author":[{"embeddable":true,"href":"https:\/\/vidalmovement.ch\/de\/wp-json\/wp\/v2\/users\/2"}],"replies":[{"embeddable":true,"href":"https:\/\/vidalmovement.ch\/de\/wp-json\/wp\/v2\/comments?post=850"}],"version-history":[{"count":5,"href":"https:\/\/vidalmovement.ch\/de\/wp-json\/wp\/v2\/pages\/850\/revisions"}],"predecessor-version":[{"id":1069,"href":"https:\/\/vidalmovement.ch\/de\/wp-json\/wp\/v2\/pages\/850\/revisions\/1069"}],"wp:attachment":[{"href":"https:\/\/vidalmovement.ch\/de\/wp-json\/wp\/v2\/media?parent=850"}],"curies":[{"name":"wp","href":"https:\/\/api.w.org\/{rel}","templated":true}]}}